{"id":9154,"date":"2025-02-14T15:04:36","date_gmt":"2025-02-14T08:04:36","guid":{"rendered":"https:\/\/hochiminhcityfilm.com\/?page_id=9154"},"modified":"2025-02-23T19:10:50","modified_gmt":"2025-02-23T12:10:50","slug":"lien-he-tai-tro-2","status":"publish","type":"page","link":"https:\/\/hochiminhcityfilm.com\/en\/lien-he-tai-tro-2\/","title":{"rendered":"Sponsor contact"},"content":{"rendered":"<div class=\"banner has-hover\" id=\"banner-1472035972\">\n          <div class=\"banner-inner fill\">\n        <div class=\"banner-bg fill\" >\n            <div class=\"bg fill bg-fill\"><\/div>\n                        <div class=\"overlay\"><\/div>            \n                    <\/div>\n        <div class=\"banner-layers container\">\n            <div class=\"fill banner-link\"><\/div>            \n   <div id=\"text-box-1663163245\" class=\"text-box banner-layer x50 md-x50 lg-x50 y20 md-y20 lg-y20 res-text\">\n                                <div class=\"text dark\">\n              \n\t<div class=\"is-border\"\n\t\tstyle=\"border-width:0px 0px 0px 0px;\">\n\t<\/div>\n              <div class=\"text-inner text-center\">\n                  \n<h1 class=\"uppercase\"><strong>LI\u00caN H\u1ec6 T\u00c0I TR\u1ee2<\/strong><\/h1>\n<p><span style=\"font-size: 115%; color: #ffffff;\">Ch\u00fang t\u00f4i v\u00f4 c\u00f9ng tr\u00e2n tr\u1ecdng s\u1ef1 quan t\u00e2m qu\u00fd c\u00e1 nh\u00e2n\/ t\u1ed5 ch\u1ee9c trong vi\u1ec7c h\u1ed7 tr\u1ee3 t\u00e0i tr\u1ee3. <br \/><\/span><span style=\"font-size: 115%; color: #ffffff;\">Vui l\u00f2ng tham kh\u1ea3o c\u00e1c th\u00f4ng tin t\u00e0i tr\u1ee3 chi ti\u1ebft d\u01b0\u1edbi \u0111\u00e2y.<\/span><\/p>\n<h2><span style=\"color: #ffcc00; font-size: 80%;\">T\u1ea1o gi\u00e1 tr\u1ecb ph\u00e1t tri\u1ec3n th\u00e0nh ph\u1ed1 s\u00e1ng t\u1ea1o v\u1ec1 \u0111i\u1ec7n \u1ea3nh<\/span><\/h2>\n\t<div id=\"gap-2000446827\" class=\"gap-element clearfix\" style=\"display:block; height:auto;\">\n\t\t\n<style>\n#gap-2000446827 {\n  padding-top: 30px;\n}\n<\/style>\n\t<\/div>\n\t\n<a class=\"button primary\"  style=\"border-radius:10px;\">\n    <span>Nh\u1eadn h\u1ed3 s\u01a1 t\u00e0i tr\u1ee3<\/span>\n  <\/a>\n\n              <\/div>\n           <\/div>\n                            \n<style>\n#text-box-1663163245 {\n  width: 94%;\n}\n#text-box-1663163245 .text {\n  font-size: 100%;\n}\n<\/style>\n    <\/div>\n \n        <\/div>\n      <\/div>\n\n            \n<style>\n#banner-1472035972 {\n  padding-top: 549px;\n}\n#banner-1472035972 .bg.bg-loaded {\n  background-image: url(https:\/\/hochiminhcityfilm.com\/wp-content\/uploads\/2025\/02\/hcml-1.jpg);\n}\n#banner-1472035972 .overlay {\n  background-color: rgba(0,0,0,.5);\n}\n#banner-1472035972 .bg {\n  background-position: 2% 7%;\n}\n<\/style>\n  <\/div>\n\n\n\t<section class=\"section\" id=\"section_257451458\">\n\t\t<div class=\"bg section-bg fill bg-fill  bg-loaded\" >\n\n\t\t\t\n\t\t\t\n\t\t\t\n\n\t\t<\/div>\n\n\t\t<div class=\"section-content relative\">\n\t\t\t\n<h2 style=\"text-align: center;\"><strong>Li\u00ean h\u1ec7 v\u1edbi ch\u00fang t\u00f4i<\/strong><\/h2>\n<p style=\"text-align: center;\">Li\u00ean h\u1ec7 v\u1edbi ch\u00fang t\u00f4i qua m\u1eabu d\u01b0\u1edbi \u0111\u00e2y ho\u1eb7c g\u1eedi mail \u0111\u1ebfn \u0111\u1ecba ch\u1ec9 &#8230;&#8230;&#8230;.<br \/>Nh\u1eefng th\u00f4ng tin b\u1eaft bu\u1ed9c nh\u1eadp th\u00f4ng tin c\u00f3 d\u1ea5u (*)<\/p>\n<div class=\"row\"  id=\"row-1205571639\">\n\n\t<div id=\"col-647626042\" class=\"col small-12 large-12\"  >\n\t\t<div class=\"col-inner\"  >\n\t\t\t\n\t\t\t\n\n<div class=\"wpcf7 no-js\" id=\"wpcf7-f25-o1\" lang=\"vi\" dir=\"ltr\" data-wpcf7-id=\"25\">\n<div class=\"screen-reader-response\"><p role=\"status\" aria-live=\"polite\" aria-atomic=\"true\"><\/p> <ul><\/ul><\/div>\n<form action=\"\/en\/wp-json\/wp\/v2\/pages\/9154#wpcf7-f25-o1\" method=\"post\" class=\"wpcf7-form init\" aria-label=\"Form li\u00ean h\u1ec7\" enctype=\"multipart\/form-data\" novalidate=\"novalidate\" data-status=\"init\" data-trp-original-action=\"\/en\/wp-json\/wp\/v2\/pages\/9154#wpcf7-f25-o1\">\n<fieldset class=\"hidden-fields-container\"><input type=\"hidden\" name=\"_wpcf7\" value=\"25\" \/><input type=\"hidden\" name=\"_wpcf7_version\" value=\"6.1.3\" \/><input type=\"hidden\" name=\"_wpcf7_locale\" value=\"vi\" \/><input type=\"hidden\" name=\"_wpcf7_unit_tag\" value=\"wpcf7-f25-o1\" \/><input type=\"hidden\" name=\"_wpcf7_container_post\" value=\"0\" \/><input type=\"hidden\" name=\"_wpcf7_posted_data_hash\" value=\"\" \/>\n<\/fieldset>\n<p><label> H\u1ecd v\u00e0 t\u00ean (*):<br \/>\n<span class=\"wpcf7-form-control-wrap\" data-name=\"your-name\"><input size=\"40\" maxlength=\"400\" class=\"wpcf7-form-control wpcf7-text wpcf7-validates-as-required\" aria-required=\"true\" aria-invalid=\"false\" value=\"\" type=\"text\" name=\"your-name\" \/><\/span> <\/label>\n<\/p>\n<p><label> \u0110\u01a1n v\u1ecb c\u00f4ng t\u00e1c<br \/>\n<span class=\"wpcf7-form-control-wrap\" data-name=\"your-agency\"><input size=\"40\" maxlength=\"400\" class=\"wpcf7-form-control wpcf7-text\" aria-invalid=\"false\" value=\"\" type=\"text\" name=\"your-agency\" \/><\/span> <\/label>\n<\/p>\n<p><label> Email (*):<br \/>\n<span class=\"wpcf7-form-control-wrap\" data-name=\"your-email\"><input size=\"40\" maxlength=\"400\" class=\"wpcf7-form-control wpcf7-email wpcf7-validates-as-required wpcf7-text wpcf7-validates-as-email\" aria-required=\"true\" aria-invalid=\"false\" value=\"\" type=\"email\" name=\"your-email\" \/><\/span> <\/label>\n<\/p>\n<p><label> \u0110\u1ecba ch\u1ec9<br \/>\n<span class=\"wpcf7-form-control-wrap\" data-name=\"your-address\"><input size=\"40\" maxlength=\"400\" class=\"wpcf7-form-control wpcf7-text\" aria-invalid=\"false\" value=\"\" type=\"text\" name=\"your-address\" \/><\/span> <\/label>\n<\/p>\n<p><label> S\u1ed1 \u0111i\u1ec7n tho\u1ea1i (*):<br \/>\n<span class=\"wpcf7-form-control-wrap\" data-name=\"your-phone\"><input size=\"40\" maxlength=\"400\" class=\"wpcf7-form-control wpcf7-text\" aria-invalid=\"false\" value=\"\" type=\"text\" name=\"your-phone\" \/><\/span> <\/label>\n<\/p>\n<p><label> M\u00f4 t\u1ea3 th\u00eam<br \/>\n<span class=\"wpcf7-form-control-wrap\" data-name=\"your-message\"><textarea cols=\"40\" rows=\"10\" maxlength=\"2000\" class=\"wpcf7-form-control wpcf7-textarea\" aria-invalid=\"false\" name=\"your-message\"><\/textarea><\/span> <\/label>\n<\/p>\n<p><label> T\u1eadp tin \u0111\u00ednh k\u00e8m<br \/>\n<span class=\"wpcf7-form-control-wrap\" data-name=\"your-file\"><input size=\"40\" class=\"wpcf7-form-control wpcf7-file\" accept=\"audio\/*,video\/*,image\/*\" aria-invalid=\"false\" type=\"file\" name=\"your-file\" \/><\/span> <\/label>\n<\/p>\n<p><input class=\"wpcf7-form-control wpcf7-submit has-spinner\" type=\"submit\" value=\"G\u1eedi th\u00f4ng tin li\u00ean h\u1ec7\" \/>\n<\/p><div class=\"wpcf7-response-output\" aria-hidden=\"true\"><\/div>\n<input type=\"hidden\" name=\"trp-form-language\" value=\"en\"\/><\/form>\n<\/div>\n\n\t\t<\/div>\n\t\t\t<\/div>\n\n\t\n<\/div>\n\t\t<\/div>\n\n\t\t\n<style>\n#section_257451458 {\n  padding-top: 30px;\n  padding-bottom: 30px;\n}\n<\/style>\n\t<\/section>","protected":false},"excerpt":{"rendered":"","protected":false},"author":14,"featured_media":0,"parent":0,"menu_order":0,"comment_status":"closed","ping_status":"closed","template":"","meta":{"footnotes":""},"class_list":["post-9154","page","type-page","status-publish","hentry"],"yoast_head":"<!-- This site is optimized with the Yoast SEO plugin v17.3 - https:\/\/yoast.com\/wordpress\/plugins\/seo\/ -->\n<title>Li\u00ean h\u1ec7 t\u00e0i tr\u1ee3 - Trang ch\u1ee7 - Th\u00e0nh ph\u1ed1 \u0111i\u1ec7n \u1ea3nh<\/title>\n<meta name=\"robots\" content=\"index, follow, max-snippet:-1, max-image-preview:large, max-video-preview:-1\" \/>\n<link rel=\"canonical\" href=\"https:\/\/hochiminhcityfilm.com\/en\/lien-he-tai-tro-2\/\" \/>\n<meta property=\"og:locale\" content=\"en_US\" \/>\n<meta property=\"og:type\" content=\"article\" \/>\n<meta property=\"og:title\" content=\"Li\u00ean h\u1ec7 t\u00e0i tr\u1ee3 - Trang ch\u1ee7 - Th\u00e0nh ph\u1ed1 \u0111i\u1ec7n \u1ea3nh\" \/>\n<meta property=\"og:url\" content=\"https:\/\/hochiminhcityfilm.com\/en\/lien-he-tai-tro-2\/\" \/>\n<meta property=\"og:site_name\" content=\"Trang ch\u1ee7 - Th\u00e0nh ph\u1ed1 \u0111i\u1ec7n \u1ea3nh\" \/>\n<meta property=\"article:modified_time\" content=\"2025-02-23T12:10:50+00:00\" \/>\n<meta name=\"twitter:card\" content=\"summary_large_image\" \/>\n<meta name=\"twitter:label1\" content=\"Est. reading time\" \/>\n\t<meta name=\"twitter:data1\" content=\"1 minute\" \/>\n<script type=\"application\/ld+json\" class=\"yoast-schema-graph\">{\"@context\":\"https:\/\/schema.org\",\"@graph\":[{\"@type\":\"WebSite\",\"@id\":\"https:\/\/hochiminhcityfilm.com\/#website\",\"url\":\"https:\/\/hochiminhcityfilm.com\/\",\"name\":\"Trang ch\\u1ee7 - Th\\u00e0nh ph\\u1ed1 \\u0111i\\u1ec7n \\u1ea3nh\",\"description\":\"\",\"potentialAction\":[{\"@type\":\"SearchAction\",\"target\":{\"@type\":\"EntryPoint\",\"urlTemplate\":\"https:\/\/hochiminhcityfilm.com\/?s={search_term_string}\"},\"query-input\":\"required name=search_term_string\"}],\"inLanguage\":\"en-US\"},{\"@type\":\"WebPage\",\"@id\":\"https:\/\/hochiminhcityfilm.com\/lien-he-tai-tro-2\/#webpage\",\"url\":\"https:\/\/hochiminhcityfilm.com\/lien-he-tai-tro-2\/\",\"name\":\"Li\\u00ean h\\u1ec7 t\\u00e0i tr\\u1ee3 - Trang ch\\u1ee7 - Th\\u00e0nh ph\\u1ed1 \\u0111i\\u1ec7n \\u1ea3nh\",\"isPartOf\":{\"@id\":\"https:\/\/hochiminhcityfilm.com\/#website\"},\"datePublished\":\"2025-02-14T08:04:36+00:00\",\"dateModified\":\"2025-02-23T12:10:50+00:00\",\"breadcrumb\":{\"@id\":\"https:\/\/hochiminhcityfilm.com\/lien-he-tai-tro-2\/#breadcrumb\"},\"inLanguage\":\"en-US\",\"potentialAction\":[{\"@type\":\"ReadAction\",\"target\":[\"https:\/\/hochiminhcityfilm.com\/lien-he-tai-tro-2\/\"]}]},{\"@type\":\"BreadcrumbList\",\"@id\":\"https:\/\/hochiminhcityfilm.com\/lien-he-tai-tro-2\/#breadcrumb\",\"itemListElement\":[{\"@type\":\"ListItem\",\"position\":1,\"name\":\"Trang ch\\u1ee7\",\"item\":\"https:\/\/hochiminhcityfilm.com\/\"},{\"@type\":\"ListItem\",\"position\":2,\"name\":\"Li\\u00ean h\\u1ec7 t\\u00e0i tr\\u1ee3\"}]}]}<\/script>\n<!-- \/ Yoast SEO plugin. -->","yoast_head_json":{"title":"Li\u00ean h\u1ec7 t\u00e0i tr\u1ee3 - Trang ch\u1ee7 - Th\u00e0nh ph\u1ed1 \u0111i\u1ec7n \u1ea3nh","robots":{"index":"index","follow":"follow","max-snippet":"max-snippet:-1","max-image-preview":"max-image-preview:large","max-video-preview":"max-video-preview:-1"},"canonical":"https:\/\/hochiminhcityfilm.com\/en\/lien-he-tai-tro-2\/","og_locale":"en_US","og_type":"article","og_title":"Li\u00ean h\u1ec7 t\u00e0i tr\u1ee3 - Trang ch\u1ee7 - Th\u00e0nh ph\u1ed1 \u0111i\u1ec7n \u1ea3nh","og_url":"https:\/\/hochiminhcityfilm.com\/en\/lien-he-tai-tro-2\/","og_site_name":"Trang ch\u1ee7 - Th\u00e0nh ph\u1ed1 \u0111i\u1ec7n \u1ea3nh","article_modified_time":"2025-02-23T12:10:50+00:00","twitter_card":"summary_large_image","twitter_misc":{"Est. reading time":"1 minute"},"schema":{"@context":"https:\/\/schema.org","@graph":[{"@type":"WebSite","@id":"https:\/\/hochiminhcityfilm.com\/#website","url":"https:\/\/hochiminhcityfilm.com\/","name":"Trang ch\u1ee7 - Th\u00e0nh ph\u1ed1 \u0111i\u1ec7n \u1ea3nh","description":"","potentialAction":[{"@type":"SearchAction","target":{"@type":"EntryPoint","urlTemplate":"https:\/\/hochiminhcityfilm.com\/?s={search_term_string}"},"query-input":"required name=search_term_string"}],"inLanguage":"en-US"},{"@type":"WebPage","@id":"https:\/\/hochiminhcityfilm.com\/lien-he-tai-tro-2\/#webpage","url":"https:\/\/hochiminhcityfilm.com\/lien-he-tai-tro-2\/","name":"Li\u00ean h\u1ec7 t\u00e0i tr\u1ee3 - Trang ch\u1ee7 - Th\u00e0nh ph\u1ed1 \u0111i\u1ec7n \u1ea3nh","isPartOf":{"@id":"https:\/\/hochiminhcityfilm.com\/#website"},"datePublished":"2025-02-14T08:04:36+00:00","dateModified":"2025-02-23T12:10:50+00:00","breadcrumb":{"@id":"https:\/\/hochiminhcityfilm.com\/lien-he-tai-tro-2\/#breadcrumb"},"inLanguage":"en-US","potentialAction":[{"@type":"ReadAction","target":["https:\/\/hochiminhcityfilm.com\/lien-he-tai-tro-2\/"]}]},{"@type":"BreadcrumbList","@id":"https:\/\/hochiminhcityfilm.com\/lien-he-tai-tro-2\/#breadcrumb","itemListElement":[{"@type":"ListItem","position":1,"name":"Trang ch\u1ee7","item":"https:\/\/hochiminhcityfilm.com\/"},{"@type":"ListItem","position":2,"name":"Li\u00ean h\u1ec7 t\u00e0i tr\u1ee3"}]}]}},"jetpack_sharing_enabled":true,"_links":{"self":[{"href":"https:\/\/hochiminhcityfilm.com\/en\/wp-json\/wp\/v2\/pages\/9154","targetHints":{"allow":["GET"]}}],"collection":[{"href":"https:\/\/hochiminhcityfilm.com\/en\/wp-json\/wp\/v2\/pages"}],"about":[{"href":"https:\/\/hochiminhcityfilm.com\/en\/wp-json\/wp\/v2\/types\/page"}],"author":[{"embeddable":true,"href":"https:\/\/hochiminhcityfilm.com\/en\/wp-json\/wp\/v2\/users\/14"}],"replies":[{"embeddable":true,"href":"https:\/\/hochiminhcityfilm.com\/en\/wp-json\/wp\/v2\/comments?post=9154"}],"version-history":[{"count":4,"href":"https:\/\/hochiminhcityfilm.com\/en\/wp-json\/wp\/v2\/pages\/9154\/revisions"}],"predecessor-version":[{"id":9866,"href":"https:\/\/hochiminhcityfilm.com\/en\/wp-json\/wp\/v2\/pages\/9154\/revisions\/9866"}],"wp:attachment":[{"href":"https:\/\/hochiminhcityfilm.com\/en\/wp-json\/wp\/v2\/media?parent=9154"}],"curies":[{"name":"wp","href":"https:\/\/api.w.org\/{rel}","templated":true}]}}