{"id":9141,"date":"2025-02-14T15:01:15","date_gmt":"2025-02-14T08:01:15","guid":{"rendered":"https:\/\/hochiminhcityfilm.com\/?page_id=9141"},"modified":"2025-05-16T12:56:58","modified_gmt":"2025-05-16T05:56:58","slug":"van-ban-phap-quy","status":"publish","type":"page","link":"https:\/\/hochiminhcityfilm.com\/en\/van-ban-phap-quy\/","title":{"rendered":"Legal documents"},"content":{"rendered":"<div class=\"banner has-hover\" id=\"banner-1774400861\">\n          <div class=\"banner-inner fill\">\n        <div class=\"banner-bg fill\" >\n            <div class=\"bg fill bg-fill\"><\/div>\n                                    \n                    <\/div>\n        <div class=\"banner-layers container\">\n            <div class=\"fill banner-link\"><\/div>            \n   <div id=\"text-box-504251119\" class=\"text-box banner-layer x50 md-x50 lg-x50 y45 md-y45 lg-y45 res-text\">\n                                <div class=\"text dark\">\n              \n              <div class=\"text-inner text-center\">\n                  \n<h2>Legal documents<\/h2>\n              <\/div>\n           <\/div>\n                            \n<style>\n#text-box-504251119 .text {\n  background-color: rgb(38, 43, 66);\n  font-size: 100%;\n}\n#text-box-504251119 .text-inner {\n  padding: 14px 0px 22px 0px;\n}\n#text-box-504251119 {\n  width: 64%;\n}\n<\/style>\n    <\/div>\n \n        <\/div>\n      <\/div>\n\n            \n<style>\n#banner-1774400861 {\n  padding-top: 662px;\n}\n#banner-1774400861 .bg.bg-loaded {\n  background-image: url(https:\/\/hochiminhcityfilm.com\/wp-content\/uploads\/2025\/02\/Picture4-1024x418.png);\n}\n#banner-1774400861 .bg {\n  background-position: 0% 0%;\n}\n<\/style>\n  <\/div>\n\n\n\t<section class=\"section\" id=\"section_357756134\">\n\t\t<div class=\"bg section-bg fill bg-fill  bg-loaded\" >\n\n\t\t\t\n\t\t\t\n\t\t\t\n\n\t\t<\/div>\n\n\t\t<div class=\"section-content relative\">\n\t\t\t\n<div class=\"row row-large\"  id=\"row-1065621999\">\n\n\t<div id=\"col-1454673167\" class=\"col small-12 large-12\"  >\n\t\t<div class=\"col-inner\"  >\n\t\t\t\n\t\t\t\n<ul>\n<li class=\"LC20lb MBeuO DKV0Md\"><a href=\"https:\/\/drive.google.com\/file\/d\/1AicNSeROP1hkn2MV91vosQpcpiXsmm3y\/view?usp=sharing\">Lu\u1eadt \u0110i\u1ec7n \u1ea3nh 2022 s\u1ed1 05\/2022\/QH15<\/a><\/li>\n<li><a href=\"https:\/\/drive.google.com\/file\/d\/1vHXypS7xeJAVYqvrhXPCJCKF72MpdK0U\/view?usp=sharing\">Ngh\u1ecb \u0111\u1ecbnh quy \u0111\u1ecbnh chi ti\u1ebft m\u1ed9t s\u1ed1 \u0111i\u1ec1u c\u1ee7a Lu\u1eadt \u0110i\u1ec7n \u1ea3nh 131\/2022\/N\u0110-CP<\/a><\/li>\n<li><a href=\"https:\/\/hochiminhcityfilm.com\/wp-content\/uploads\/2025\/02\/17.TT_.BVHTTDL_1675338401.pdf\">Th\u00f4ng t\u01b0 quy \u0111\u1ecbnh c\u00e1c m\u1eabu v\u0103n b\u1ea3n trong ho\u1ea1t \u0111\u1ed9ng \u0111i\u1ec7n \u1ea3nh<\/a><\/li>\n<li><a href=\"https:\/\/hochiminhcityfilm.com\/wp-content\/uploads\/2025\/02\/09-17-36-19-08-2020-2156_1606359642.pdf\">Quy\u1ebft \u0111\u1ecbnh ph\u00ea duy\u1ec7t &#8220;Quy ho\u1ea1ch ph\u00e1t tri\u1ec3n \u0111i\u1ec7n \u1ea3nh \u0111\u1ebfn n\u0103m 2020, t\u1ea7m nh\u00ecn \u0111\u1ebfn n\u0103m 2030&#8221;<\/a><\/li>\n<li><a href=\"https:\/\/drive.google.com\/file\/d\/1AjgOL0PCrEGVldD62pgvvcn-41sKdqd1\/view?usp=sharing\">Ngh\u1ecb \u0111\u1ecbnh s\u1eeda \u0111\u1ed5i, b\u1ed5 sung m\u1ed9t s\u1ed1 \u0111i\u1ec1u c\u1ee7a Ngh\u1ecb \u0111\u1ecbnh s\u1ed1 38\/2021\/N\u0110-CP<\/a><\/li>\n<li><a href=\"https:\/\/drive.google.com\/file\/d\/1cVK_5aWjWbIhSAOdgzkps7JYA1Rf4kvr\/view?usp=sharing\">Th\u00f4ng t\u01b0 quy \u0111\u1ecbnh v\u1ec1 t\u1ed5 ch\u1ee9c v\u00e0 ho\u1ea1t \u0111\u1ed9ng c\u1ee7a H\u1ed9i \u0111\u1ed3ng th\u1ea9m \u0111\u1ecbnh k\u1ecbch b\u1ea3n phim s\u1eed d\u1ee5ng ng\u00e2n s\u00e1ch nh\u00e0 n\u01b0\u1edbc<\/a><\/li>\n<li><a href=\"https:\/\/drive.google.com\/file\/d\/1gYdNyZ6EG2ikePgBtapeE_yANbDcVKMG\/view?usp=sharing\">Th\u00f4ng t\u01b0 quy \u0111\u1ecbnh ti\u00eau ch\u00ed ph\u00e2n lo\u1ea1i phim v\u00e0 th\u1ef1c hi\u1ec7n hi\u1ec3n th\u1ecb m\u1ee9c ph\u00e2n lo\u1ea1i phim, c\u1ea3nh b\u00e1o<\/a><\/li>\n<li><a href=\"https:\/\/drive.google.com\/file\/d\/1n3gHXvVkWPmGJIPN7pSNY_Fs6I2_-UWC\/view?usp=sharing\">Ph\u1ee5 l\u1ee5c ti\u00eau ch\u00ed ph\u00e2n lo\u1ea1i phim k\u00e8m theo Th\u00f4ng t\u01b0 s\u1ed1 05\/2023\/TT-BVHTTDL<\/a><\/li>\n<li><a href=\"https:\/\/drive.google.com\/file\/d\/16ykqJ_xi3D_ftZqxFM5xP7MqD4N04uQU\/view?usp=sharing\">Th\u00f4ng t\u01b0 quy \u0111\u1ecbnh v\u1ec1 t\u1ed5 ch\u1ee9c v\u00e0 ho\u1ea1t \u0111\u1ed9ng c\u1ee7a H\u1ed9i \u0111\u1ed3ng th\u1ea9m \u0111\u1ecbnh, ph\u00e2n lo\u1ea1i phim<\/a><\/li>\n<li><a href=\"https:\/\/drive.google.com\/file\/d\/1uwrXe8QXKJtnd6Af0VD_iwmc7x9B5R6E\/view?usp=sharing\">Th\u00f4ng t\u01b0 quy \u0111\u1ecbnh t\u1ed5 ch\u1ee9c v\u00e0 ho\u1ea1t \u0111\u1ed9ng c\u1ee7a H\u1ed9i \u0111\u1ed3ng l\u1ef1a ch\u1ecdn d\u1ef1 \u00e1n s\u1ea3n xu\u1ea5t phim s\u1eed d\u1ee5ng ng\u00e2n s\u00e1ch nh\u00e0 n\u01b0\u1edbc<\/a><\/li>\n<li><a href=\"https:\/\/drive.google.com\/file\/d\/1Ii6Sx9QlkduhkPQZbLr9rqzReCMRCCbs\/view?usp=sharing\">Ph\u1ee5 l\u1ee5c k\u00e8m Th\u00f4ng t\u01b0 s\u1ed1 15\/2023\/TT-BVHTTDL<\/a><\/li>\n<li><a href=\"https:\/\/drive.google.com\/file\/d\/1rMSJeDVsBvQmLE7RGwnlTVMaAngaUvP8\/view?usp=sharing\">Th\u00f4ng t\u01b0 quy \u0111\u1ecbnh \u0111i\u1ec1u ki\u1ec7n c\u1ea5p Gi\u1ea5y ph\u00e9p ph\u00e2n lo\u1ea1i phim c\u1ee7a \u1ee6y ban nh\u00e2n d\u00e2n t\u1ec9nh, th\u00e0nh ph\u1ed1 tr\u1ef1c thu\u1ed9c trung \u01b0\u01a1ng<\/a><\/li>\n<li><a href=\"https:\/\/drive.google.com\/file\/d\/13qe_gEm2B5ZO9qdd_IOoY4LWA_YEE2z3\/view?usp=sharing\">Th\u00f4ng t\u01b0 quy \u0111\u1ecbnh vi\u1ec7c h\u1ea1n ch\u1ebf s\u1eed d\u1ee5ng h\u00ecnh \u1ea3nh di\u1ec5n vi\u00ean s\u1eed d\u1ee5ng thu\u1ed1c l\u00e1 trong t\u00e1c ph\u1ea9m \u0111i\u1ec7n \u1ea3nh, s\u00e2n kh\u1ea5u<\/a><\/li>\n<li><a href=\"https:\/\/drive.google.com\/file\/d\/1ta1z7M1j4IbOjAFzqLtsRHOwwkwKJzmv\/view?usp=sharing\">C\u00e1c v\u0103n b\u1ea3n ph\u00e1p lu\u1eadt \u0111i\u1ec7n \u1ea3nh c\u01a1 b\u1ea3n \u0111\u00e3 \u0111\u01b0\u1ee3c ban h\u00e0nh<\/a><\/li>\n<\/ul>\n\t\t<\/div>\n\t\t\t<\/div>\n\n\t\n<\/div>\n\t\t<\/div>\n\n\t\t\n<style>\n#section_357756134 {\n  padding-top: 113px;\n  padding-bottom: 113px;\n}\n<\/style>\n\t<\/section>","protected":false},"excerpt":{"rendered":"","protected":false},"author":14,"featured_media":0,"parent":0,"menu_order":0,"comment_status":"closed","ping_status":"closed","template":"","meta":{"footnotes":""},"class_list":["post-9141","page","type-page","status-publish","hentry"],"yoast_head":"<!-- This site is optimized with the Yoast SEO plugin v17.3 - https:\/\/yoast.com\/wordpress\/plugins\/seo\/ -->\n<title>V\u0103n b\u1ea3n ph\u00e1p quy - Trang ch\u1ee7 - Th\u00e0nh ph\u1ed1 \u0111i\u1ec7n \u1ea3nh<\/title>\n<meta name=\"robots\" content=\"index, follow, max-snippet:-1, max-image-preview:large, max-video-preview:-1\" \/>\n<link rel=\"canonical\" href=\"https:\/\/hochiminhcityfilm.com\/en\/van-ban-phap-quy\/\" \/>\n<meta property=\"og:locale\" content=\"en_US\" \/>\n<meta property=\"og:type\" content=\"article\" \/>\n<meta property=\"og:title\" content=\"V\u0103n b\u1ea3n ph\u00e1p quy - Trang ch\u1ee7 - Th\u00e0nh ph\u1ed1 \u0111i\u1ec7n \u1ea3nh\" \/>\n<meta property=\"og:url\" content=\"https:\/\/hochiminhcityfilm.com\/en\/van-ban-phap-quy\/\" \/>\n<meta property=\"og:site_name\" content=\"Trang ch\u1ee7 - Th\u00e0nh ph\u1ed1 \u0111i\u1ec7n \u1ea3nh\" \/>\n<meta property=\"article:modified_time\" content=\"2025-05-16T05:56:58+00:00\" \/>\n<meta name=\"twitter:card\" content=\"summary_large_image\" \/>\n<meta name=\"twitter:label1\" content=\"Est. reading time\" \/>\n\t<meta name=\"twitter:data1\" content=\"2 minutes\" \/>\n<script type=\"application\/ld+json\" class=\"yoast-schema-graph\">{\"@context\":\"https:\/\/schema.org\",\"@graph\":[{\"@type\":\"WebSite\",\"@id\":\"https:\/\/hochiminhcityfilm.com\/#website\",\"url\":\"https:\/\/hochiminhcityfilm.com\/\",\"name\":\"Trang ch\\u1ee7 - Th\\u00e0nh ph\\u1ed1 \\u0111i\\u1ec7n \\u1ea3nh\",\"description\":\"\",\"potentialAction\":[{\"@type\":\"SearchAction\",\"target\":{\"@type\":\"EntryPoint\",\"urlTemplate\":\"https:\/\/hochiminhcityfilm.com\/?s={search_term_string}\"},\"query-input\":\"required name=search_term_string\"}],\"inLanguage\":\"en-US\"},{\"@type\":\"WebPage\",\"@id\":\"https:\/\/hochiminhcityfilm.com\/van-ban-phap-quy\/#webpage\",\"url\":\"https:\/\/hochiminhcityfilm.com\/van-ban-phap-quy\/\",\"name\":\"V\\u0103n b\\u1ea3n ph\\u00e1p quy - Trang ch\\u1ee7 - Th\\u00e0nh ph\\u1ed1 \\u0111i\\u1ec7n \\u1ea3nh\",\"isPartOf\":{\"@id\":\"https:\/\/hochiminhcityfilm.com\/#website\"},\"datePublished\":\"2025-02-14T08:01:15+00:00\",\"dateModified\":\"2025-05-16T05:56:58+00:00\",\"breadcrumb\":{\"@id\":\"https:\/\/hochiminhcityfilm.com\/van-ban-phap-quy\/#breadcrumb\"},\"inLanguage\":\"en-US\",\"potentialAction\":[{\"@type\":\"ReadAction\",\"target\":[\"https:\/\/hochiminhcityfilm.com\/van-ban-phap-quy\/\"]}]},{\"@type\":\"BreadcrumbList\",\"@id\":\"https:\/\/hochiminhcityfilm.com\/van-ban-phap-quy\/#breadcrumb\",\"itemListElement\":[{\"@type\":\"ListItem\",\"position\":1,\"name\":\"Trang ch\\u1ee7\",\"item\":\"https:\/\/hochiminhcityfilm.com\/\"},{\"@type\":\"ListItem\",\"position\":2,\"name\":\"V\\u0103n b\\u1ea3n ph\\u00e1p quy\"}]}]}<\/script>\n<!-- \/ Yoast SEO plugin. -->","yoast_head_json":{"title":"V\u0103n b\u1ea3n ph\u00e1p quy - Trang ch\u1ee7 - Th\u00e0nh ph\u1ed1 \u0111i\u1ec7n \u1ea3nh","robots":{"index":"index","follow":"follow","max-snippet":"max-snippet:-1","max-image-preview":"max-image-preview:large","max-video-preview":"max-video-preview:-1"},"canonical":"https:\/\/hochiminhcityfilm.com\/en\/van-ban-phap-quy\/","og_locale":"en_US","og_type":"article","og_title":"V\u0103n b\u1ea3n ph\u00e1p quy - Trang ch\u1ee7 - Th\u00e0nh ph\u1ed1 \u0111i\u1ec7n \u1ea3nh","og_url":"https:\/\/hochiminhcityfilm.com\/en\/van-ban-phap-quy\/","og_site_name":"Trang ch\u1ee7 - Th\u00e0nh ph\u1ed1 \u0111i\u1ec7n \u1ea3nh","article_modified_time":"2025-05-16T05:56:58+00:00","twitter_card":"summary_large_image","twitter_misc":{"Est. reading time":"2 minutes"},"schema":{"@context":"https:\/\/schema.org","@graph":[{"@type":"WebSite","@id":"https:\/\/hochiminhcityfilm.com\/#website","url":"https:\/\/hochiminhcityfilm.com\/","name":"Trang ch\u1ee7 - Th\u00e0nh ph\u1ed1 \u0111i\u1ec7n \u1ea3nh","description":"","potentialAction":[{"@type":"SearchAction","target":{"@type":"EntryPoint","urlTemplate":"https:\/\/hochiminhcityfilm.com\/?s={search_term_string}"},"query-input":"required name=search_term_string"}],"inLanguage":"en-US"},{"@type":"WebPage","@id":"https:\/\/hochiminhcityfilm.com\/van-ban-phap-quy\/#webpage","url":"https:\/\/hochiminhcityfilm.com\/van-ban-phap-quy\/","name":"V\u0103n b\u1ea3n ph\u00e1p quy - Trang ch\u1ee7 - Th\u00e0nh ph\u1ed1 \u0111i\u1ec7n \u1ea3nh","isPartOf":{"@id":"https:\/\/hochiminhcityfilm.com\/#website"},"datePublished":"2025-02-14T08:01:15+00:00","dateModified":"2025-05-16T05:56:58+00:00","breadcrumb":{"@id":"https:\/\/hochiminhcityfilm.com\/van-ban-phap-quy\/#breadcrumb"},"inLanguage":"en-US","potentialAction":[{"@type":"ReadAction","target":["https:\/\/hochiminhcityfilm.com\/van-ban-phap-quy\/"]}]},{"@type":"BreadcrumbList","@id":"https:\/\/hochiminhcityfilm.com\/van-ban-phap-quy\/#breadcrumb","itemListElement":[{"@type":"ListItem","position":1,"name":"Trang ch\u1ee7","item":"https:\/\/hochiminhcityfilm.com\/"},{"@type":"ListItem","position":2,"name":"V\u0103n b\u1ea3n ph\u00e1p quy"}]}]}},"jetpack_sharing_enabled":true,"_links":{"self":[{"href":"https:\/\/hochiminhcityfilm.com\/en\/wp-json\/wp\/v2\/pages\/9141","targetHints":{"allow":["GET"]}}],"collection":[{"href":"https:\/\/hochiminhcityfilm.com\/en\/wp-json\/wp\/v2\/pages"}],"about":[{"href":"https:\/\/hochiminhcityfilm.com\/en\/wp-json\/wp\/v2\/types\/page"}],"author":[{"embeddable":true,"href":"https:\/\/hochiminhcityfilm.com\/en\/wp-json\/wp\/v2\/users\/14"}],"replies":[{"embeddable":true,"href":"https:\/\/hochiminhcityfilm.com\/en\/wp-json\/wp\/v2\/comments?post=9141"}],"version-history":[{"count":6,"href":"https:\/\/hochiminhcityfilm.com\/en\/wp-json\/wp\/v2\/pages\/9141\/revisions"}],"predecessor-version":[{"id":10040,"href":"https:\/\/hochiminhcityfilm.com\/en\/wp-json\/wp\/v2\/pages\/9141\/revisions\/10040"}],"wp:attachment":[{"href":"https:\/\/hochiminhcityfilm.com\/en\/wp-json\/wp\/v2\/media?parent=9141"}],"curies":[{"name":"wp","href":"https:\/\/api.w.org\/{rel}","templated":true}]}}