{"id":9126,"date":"2025-02-14T14:44:05","date_gmt":"2025-02-14T07:44:05","guid":{"rendered":"https:\/\/hochiminhcityfilm.com\/?page_id=9126"},"modified":"2025-02-25T20:49:06","modified_gmt":"2025-02-25T13:49:06","slug":"ket-nghia","status":"publish","type":"page","link":"https:\/\/hochiminhcityfilm.com\/en\/ket-nghia\/","title":{"rendered":"Twinned"},"content":{"rendered":"<div class=\"row row-large\"  id=\"row-165766921\">\n\n\t<div id=\"col-653991811\" class=\"col small-12 large-12\"  >\n\t\t<div class=\"col-inner\"  >\n\t\t\t\n\t\t\t\n\t<div id=\"gap-737903438\" class=\"gap-element clearfix\" style=\"display:block; height:auto;\">\n\t\t\n<style>\n#gap-737903438 {\n  padding-top: 71px;\n}\n<\/style>\n\t<\/div>\n\t\n<h1 style=\"text-align: center;\"><span style=\"font-size: 110%;\"><strong>Danh sa\u0301ch \u0111i\u0323a ph\u01b0\u01a1ng n\u01b0\u01a1\u0301c ngoa\u0300i k\u00ea\u0301t nghi\u0303a v\u01a1\u0301i TpHCM<\/strong><\/span><\/h1>\n<div class=\"documentDescription\"><span style=\"font-size: 90%;\">Ti\u0301nh \u0111\u00ea\u0301n tha\u0301ng 7 n\u0103m 2015, Th\u00e0nh ph\u1ed1 H\u1ed3 Ch\u00ed Minh \u0111a\u0303 ky\u0301 tho\u0309a thu\u00e2\u0323n k\u00ea\u0301t nghi\u0303a v\u1edbi 40 \u0111i\u0323a ph\u01b0\u01a1ng n\u01b0\u01a1\u0301c ngoa\u0300i. Danh sa\u0301ch ca\u0301c \u0111i\u0323a ph\u01b0\u01a1ng (STT, N\u01b0\u1edbc k\u1ebft ngh\u0129a, \u0110\u1ecba ph\u01b0\u01a1ng k\u1ebft ngh\u0129a, Th\u1eddi gian k\u00fd Th\u1ecfa thu\u1eadn k\u1ebft ngh\u0129a):<\/span><\/div>\n<div class=\"plain\"><span style=\"font-size: 90%;\">1.Trung Qu\u1ed1c: Th\u00e0nh ph\u1ed1 Th\u01b0\u1ee3ng H\u1ea3i, 14\/05\/1994<\/span><\/p>\n<p><span style=\"font-size: 90%;\">2. Philippines: Th\u00e0nh ph\u1ed1 Manila, 27\/06\/1994<\/span><\/p>\n<p><span style=\"font-size: 90%;\">3. Hoa K\u1ef3: Th\u00e0nh ph\u1ed1 San Francisco, 10\/4\/1995<\/span><\/p>\n<p><span style=\"font-size: 90%;\">4. H\u00e0n Qu\u1ed1c: Th\u00e0nh ph\u1ed1 Busan, 3\/11\/1995<\/span><\/p>\n<p><span style=\"font-size: 90%;\">5. Trung Qu\u1ed1c: Th\u00e0nh ph\u1ed1 Qu\u1ea3ng Ch\u00e2u, 11\/4\/1996<\/span><\/p>\n<p><span style=\"font-size: 90%;\">6. Ph\u00e1p: Th\u00e0nh ph\u1ed1 Lyon, 17\/01\/1997<\/span><\/p>\n<p><span style=\"font-size: 90%;\">7. Ph\u00e1p: V\u00f9ng Rhone-Alpes, 03\/3\/1998<\/span><\/p>\n<p><span style=\"font-size: 90%;\">&#8211; Gia h\u1ea1n cho giai \u0111o\u1ea1n 2011-2014 v\u00e0o ng\u00e0y 18\/10\/2011)<\/span><\/p>\n<p><span style=\"font-size: 90%;\">&#8211; Gia h\u1ea1n cho giai \u0111o\u1ea1n 2014 \u2013 2017 v\u00e0o ng\u00e0y 26\/6\/2014)<\/span><\/p>\n<p><span style=\"font-size: 90%;\">8. Campuchia: Kinh \u0111\u00f4 Phnompenh, 10\/1\/1999<\/span><\/p>\n<p><span style=\"font-size: 90%;\">9. Trung Qu\u1ed1c: Th\u00e0nh ph\u1ed1 Th\u1ea9m D\u01b0\u01a1ng, 21\/04\/1999<\/span><\/p>\n<p><span style=\"font-size: 90%;\">10. Nga: T\u1ec9nh Sverdlosk, 05\/9\/2000<\/span><\/p>\n<p><span style=\"font-size: 90%;\">11. L\u00e0o: T\u1ec9nh Champasak, 28\/08\/2001<\/span><\/p>\n<p><span style=\"font-size: 90%;\">12. L\u00e0o: Th\u1ee7 \u0111\u00f4 Vientiane, 01\/9\/2001<\/span><\/p>\n<p><span style=\"font-size: 90%;\">13. Nga: Th\u00e0nh ph\u1ed1 Matxc\u01a1va, 31\/10\/2003<\/span><\/p>\n<p><span style=\"font-size: 90%;\">14. \u00dac: Bang Queensland, 14\/10\/2005<\/span><\/p>\n<p><span style=\"font-size: 90%;\">15. Nga: Th\u00e0nh ph\u1ed1 Saint Petersburg, 09\/12\/2005<\/span><\/p>\n<p><span style=\"font-size: 90%;\">16. Canada: Th\u00e0nh ph\u1ed1 Toronto, 13\/02\/2006<\/span><\/p>\n<p><span style=\"font-size: 90%;\">17. Th\u1ee5y S\u1ef9: Th\u00e0nh ph\u1ed1 Gen\u00e8ve, 13\/04\/2007<\/span><\/p>\n<p><span style=\"font-size: 90%;\">18. Nh\u1eadt B\u1ea3n: T\u1ec9nh Osaka, 25\/10\/2007<\/span><\/p>\n<p><span style=\"font-size: 90%;\">19. Belarus: Th\u00e0nh ph\u1ed1 Minsk, 04\/11\/2008<\/span><\/p>\n<p><span style=\"font-size: 90%;\">20. Nga:Th\u00e0nh ph\u1ed1 Vladivostok, 21\/05\/2009<\/span><\/p>\n<p><span style=\"font-size: 90%;\">21. T\u00e2y Ban Nha: Th\u00e0nh ph\u1ed1 Barcelona, 29\/05\/2009<\/span><\/p>\n<p><span style=\"font-size: 90%;\">22. T\u00e2y Ban Nha: Th\u00e0nh ph\u1ed1 Seville, 29\/05\/2009<\/span><\/p>\n<p><span style=\"font-size: 90%;\">23. Trung Qu\u1ed1c: Chi\u1ebft Giang 09\/2009<\/span><\/p>\n<p><span style=\"font-size: 90%;\">24. Nam Phi: Th\u00e0nh ph\u1ed1 Johannesburg, 10\/11\/2009<\/span><\/p>\n<p><span style=\"font-size: 90%;\">25. Trung Qu\u1ed1c: T\u1ec9nh Qu\u1ea3ng \u0110\u00f4ng , 12\/11\/2009<\/span><\/p>\n<p><span style=\"font-size: 90%;\">26. Nh\u1eadt B\u1ea3n: Th\u00e0nh ph\u1ed1 Yokohama, 26\/11\/2009<\/span><\/p>\n<p><span style=\"font-size: 90%;\">27. Kuwait: T\u1ec9nh Al-Ahmadi, 07\/12\/2010<\/span><\/p>\n<p><span style=\"font-size: 90%;\">28. Nh\u1eadt B\u1ea3n: Th\u00e0nh ph\u1ed1 Osaka, 07\/7\/2011<\/span><\/p>\n<p><span style=\"font-size: 90%;\">29. Kazakhstan: Th\u00e0nh ph\u1ed1 Almaty, 31\/10\/2011<\/span><\/p>\n<p><span style=\"font-size: 90%;\">30. Myanmar: Th\u00e0nh ph\u1ed1 Yangon, 12\/3\/2012<\/span><\/p>\n<p><span style=\"font-size: 90%;\">31. Hungary: Ch\u00ednh quy\u1ec1n t\u1ef1 qu\u1ea3n Th\u1ee7 \u0111\u00f4 Budapest, 26\/6\/2013<\/span><\/p>\n<p><span style=\"font-size: 90%;\">32. Trung Qu\u1ed1c: Khu t\u1ef1 tr\u1ecb d\u00e2n t\u1ed9c Choang T\u1ec9nh Qu\u1ea3ng T\u00e2y, 11\/6\/2013<\/span><\/p>\n<p><span style=\"font-size: 90%;\">33. Trung Qu\u1ed1c: T\u1ec9nh S\u01a1n \u0110\u00f4ng, 09\/9\/2013<\/span><\/p>\n<p><span style=\"font-size: 90%;\">34. \u00dac: V\u00f9ng l\u00e3nh th\u1ed5 B\u1eafc \u00dac, 25\/2\/2014<\/span><\/p>\n<p><span style=\"font-size: 90%;\">35. Nh\u1eadt B\u1ea3n: T\u1ec9nh Shiga, 13\/11\/2014<\/span><\/p>\n<p><span style=\"font-size: 90%;\">36. Th\u00e1i Lan: Bangkok , 03\/4\/2015<\/span><\/p>\n<p><span style=\"font-size: 90%;\">37. \u0110\u1ee9c: Leipzig, 10\/4\/2015<\/span><\/p>\n<p><span style=\"font-size: 90%;\">38. Nga: Moscow, 10\/5\/2015<\/span><\/p>\n<p><span style=\"font-size: 90%;\">39. H\u00e0n Qu\u1ed1c: Deagu, 29\/5\/2015<\/span><\/p>\n<p><span style=\"font-size: 90%;\">40. Bungary: Sophia, 5\/6\/2015.<\/span><\/p>\n<p style=\"text-align: right;\"><span style=\"font-size: 90%;\"><em>Ngu\u1ed3n: http:\/\/www.mofahcm.gov.vn\/vi\/hoptac_qt\/nr041014110554\/ns150417132533<\/em><\/span><\/p>\n<\/div>\n\t\t<\/div>\n\t\t\t<\/div>\n\n\t\n<\/div>","protected":false},"excerpt":{"rendered":"","protected":false},"author":14,"featured_media":0,"parent":0,"menu_order":0,"comment_status":"closed","ping_status":"closed","template":"","meta":{"footnotes":""},"class_list":["post-9126","page","type-page","status-publish","hentry"],"yoast_head":"<!-- This site is optimized with the Yoast SEO plugin v17.3 - https:\/\/yoast.com\/wordpress\/plugins\/seo\/ -->\n<title>K\u1ebft ngh\u0129a - Trang ch\u1ee7 - Th\u00e0nh ph\u1ed1 \u0111i\u1ec7n \u1ea3nh<\/title>\n<meta name=\"robots\" content=\"index, follow, max-snippet:-1, max-image-preview:large, max-video-preview:-1\" \/>\n<link rel=\"canonical\" href=\"https:\/\/hochiminhcityfilm.com\/en\/ket-nghia\/\" \/>\n<meta property=\"og:locale\" content=\"en_US\" \/>\n<meta property=\"og:type\" content=\"article\" \/>\n<meta property=\"og:title\" content=\"K\u1ebft ngh\u0129a - Trang ch\u1ee7 - Th\u00e0nh ph\u1ed1 \u0111i\u1ec7n \u1ea3nh\" \/>\n<meta property=\"og:url\" content=\"https:\/\/hochiminhcityfilm.com\/en\/ket-nghia\/\" \/>\n<meta property=\"og:site_name\" content=\"Trang ch\u1ee7 - Th\u00e0nh ph\u1ed1 \u0111i\u1ec7n \u1ea3nh\" \/>\n<meta property=\"article:modified_time\" content=\"2025-02-25T13:49:06+00:00\" \/>\n<meta name=\"twitter:card\" content=\"summary_large_image\" \/>\n<meta name=\"twitter:label1\" content=\"Est. reading time\" \/>\n\t<meta name=\"twitter:data1\" content=\"2 minutes\" \/>\n<script type=\"application\/ld+json\" class=\"yoast-schema-graph\">{\"@context\":\"https:\/\/schema.org\",\"@graph\":[{\"@type\":\"WebSite\",\"@id\":\"https:\/\/hochiminhcityfilm.com\/#website\",\"url\":\"https:\/\/hochiminhcityfilm.com\/\",\"name\":\"Trang ch\\u1ee7 - Th\\u00e0nh ph\\u1ed1 \\u0111i\\u1ec7n \\u1ea3nh\",\"description\":\"\",\"potentialAction\":[{\"@type\":\"SearchAction\",\"target\":{\"@type\":\"EntryPoint\",\"urlTemplate\":\"https:\/\/hochiminhcityfilm.com\/?s={search_term_string}\"},\"query-input\":\"required name=search_term_string\"}],\"inLanguage\":\"en-US\"},{\"@type\":\"WebPage\",\"@id\":\"https:\/\/hochiminhcityfilm.com\/ket-nghia\/#webpage\",\"url\":\"https:\/\/hochiminhcityfilm.com\/ket-nghia\/\",\"name\":\"K\\u1ebft ngh\\u0129a - Trang ch\\u1ee7 - Th\\u00e0nh ph\\u1ed1 \\u0111i\\u1ec7n \\u1ea3nh\",\"isPartOf\":{\"@id\":\"https:\/\/hochiminhcityfilm.com\/#website\"},\"datePublished\":\"2025-02-14T07:44:05+00:00\",\"dateModified\":\"2025-02-25T13:49:06+00:00\",\"breadcrumb\":{\"@id\":\"https:\/\/hochiminhcityfilm.com\/ket-nghia\/#breadcrumb\"},\"inLanguage\":\"en-US\",\"potentialAction\":[{\"@type\":\"ReadAction\",\"target\":[\"https:\/\/hochiminhcityfilm.com\/ket-nghia\/\"]}]},{\"@type\":\"BreadcrumbList\",\"@id\":\"https:\/\/hochiminhcityfilm.com\/ket-nghia\/#breadcrumb\",\"itemListElement\":[{\"@type\":\"ListItem\",\"position\":1,\"name\":\"Trang ch\\u1ee7\",\"item\":\"https:\/\/hochiminhcityfilm.com\/\"},{\"@type\":\"ListItem\",\"position\":2,\"name\":\"K\\u1ebft ngh\\u0129a\"}]}]}<\/script>\n<!-- \/ Yoast SEO plugin. -->","yoast_head_json":{"title":"K\u1ebft ngh\u0129a - Trang ch\u1ee7 - Th\u00e0nh ph\u1ed1 \u0111i\u1ec7n \u1ea3nh","robots":{"index":"index","follow":"follow","max-snippet":"max-snippet:-1","max-image-preview":"max-image-preview:large","max-video-preview":"max-video-preview:-1"},"canonical":"https:\/\/hochiminhcityfilm.com\/en\/ket-nghia\/","og_locale":"en_US","og_type":"article","og_title":"K\u1ebft ngh\u0129a - Trang ch\u1ee7 - Th\u00e0nh ph\u1ed1 \u0111i\u1ec7n \u1ea3nh","og_url":"https:\/\/hochiminhcityfilm.com\/en\/ket-nghia\/","og_site_name":"Trang ch\u1ee7 - Th\u00e0nh ph\u1ed1 \u0111i\u1ec7n \u1ea3nh","article_modified_time":"2025-02-25T13:49:06+00:00","twitter_card":"summary_large_image","twitter_misc":{"Est. reading time":"2 minutes"},"schema":{"@context":"https:\/\/schema.org","@graph":[{"@type":"WebSite","@id":"https:\/\/hochiminhcityfilm.com\/#website","url":"https:\/\/hochiminhcityfilm.com\/","name":"Trang ch\u1ee7 - Th\u00e0nh ph\u1ed1 \u0111i\u1ec7n \u1ea3nh","description":"","potentialAction":[{"@type":"SearchAction","target":{"@type":"EntryPoint","urlTemplate":"https:\/\/hochiminhcityfilm.com\/?s={search_term_string}"},"query-input":"required name=search_term_string"}],"inLanguage":"en-US"},{"@type":"WebPage","@id":"https:\/\/hochiminhcityfilm.com\/ket-nghia\/#webpage","url":"https:\/\/hochiminhcityfilm.com\/ket-nghia\/","name":"K\u1ebft ngh\u0129a - Trang ch\u1ee7 - Th\u00e0nh ph\u1ed1 \u0111i\u1ec7n \u1ea3nh","isPartOf":{"@id":"https:\/\/hochiminhcityfilm.com\/#website"},"datePublished":"2025-02-14T07:44:05+00:00","dateModified":"2025-02-25T13:49:06+00:00","breadcrumb":{"@id":"https:\/\/hochiminhcityfilm.com\/ket-nghia\/#breadcrumb"},"inLanguage":"en-US","potentialAction":[{"@type":"ReadAction","target":["https:\/\/hochiminhcityfilm.com\/ket-nghia\/"]}]},{"@type":"BreadcrumbList","@id":"https:\/\/hochiminhcityfilm.com\/ket-nghia\/#breadcrumb","itemListElement":[{"@type":"ListItem","position":1,"name":"Trang ch\u1ee7","item":"https:\/\/hochiminhcityfilm.com\/"},{"@type":"ListItem","position":2,"name":"K\u1ebft ngh\u0129a"}]}]}},"jetpack_sharing_enabled":true,"_links":{"self":[{"href":"https:\/\/hochiminhcityfilm.com\/en\/wp-json\/wp\/v2\/pages\/9126","targetHints":{"allow":["GET"]}}],"collection":[{"href":"https:\/\/hochiminhcityfilm.com\/en\/wp-json\/wp\/v2\/pages"}],"about":[{"href":"https:\/\/hochiminhcityfilm.com\/en\/wp-json\/wp\/v2\/types\/page"}],"author":[{"embeddable":true,"href":"https:\/\/hochiminhcityfilm.com\/en\/wp-json\/wp\/v2\/users\/14"}],"replies":[{"embeddable":true,"href":"https:\/\/hochiminhcityfilm.com\/en\/wp-json\/wp\/v2\/comments?post=9126"}],"version-history":[{"count":2,"href":"https:\/\/hochiminhcityfilm.com\/en\/wp-json\/wp\/v2\/pages\/9126\/revisions"}],"predecessor-version":[{"id":9995,"href":"https:\/\/hochiminhcityfilm.com\/en\/wp-json\/wp\/v2\/pages\/9126\/revisions\/9995"}],"wp:attachment":[{"href":"https:\/\/hochiminhcityfilm.com\/en\/wp-json\/wp\/v2\/media?parent=9126"}],"curies":[{"name":"wp","href":"https:\/\/api.w.org\/{rel}","templated":true}]}}