{"id":9124,"date":"2025-02-14T14:43:54","date_gmt":"2025-02-14T07:43:54","guid":{"rendered":"https:\/\/hochiminhcityfilm.com\/?page_id=9124"},"modified":"2025-06-19T15:52:13","modified_gmt":"2025-06-19T08:52:13","slug":"mang-luoi-lien-ket","status":"publish","type":"page","link":"https:\/\/hochiminhcityfilm.com\/en\/mang-luoi-lien-ket\/","title":{"rendered":"Affiliate network"},"content":{"rendered":"<div class=\"banner has-hover\" id=\"banner-787759571\">\n          <div class=\"banner-inner fill\">\n        <div class=\"banner-bg fill\" >\n            <div class=\"bg fill bg-fill\"><\/div>\n                                    \n                    <\/div>\n        <div class=\"banner-layers container\">\n            <div class=\"fill banner-link\"><\/div>            \n   <div id=\"text-box-1694855094\" class=\"text-box banner-layer x50 md-x50 lg-x50 y50 md-y50 lg-y50 res-text\">\n                                <div class=\"text dark\">\n              \n              <div class=\"text-inner text-center\">\n                  \n<h1 style=\"text-align: center;\"><span style=\"font-size: 85%;\"><span style=\"color: #000000;\">M\u1ea1ng l\u01b0\u1edbi li\u00ean k\u1ebft, <\/span><span style=\"color: #000000;\">c\u1ed9ng \u0111\u1ed3ng<\/span><\/span><\/h1>\n              <\/div>\n           <\/div>\n                            \n<style>\n#text-box-1694855094 {\n  width: 42%;\n}\n#text-box-1694855094 .text {\n  font-size: 100%;\n}\n<\/style>\n    <\/div>\n \n        <\/div>\n      <\/div>\n\n              <div class=\"height-fix is-invisible\"><img loading=\"lazy\" decoding=\"async\" width=\"3384\" height=\"980\" src=\"https:\/\/hochiminhcityfilm.com\/wp-content\/uploads\/2025\/02\/Picture1.png\" class=\"attachment-original size-original\" alt=\"\" srcset=\"https:\/\/hochiminhcityfilm.com\/wp-content\/uploads\/2025\/02\/Picture1.png 3384w, https:\/\/hochiminhcityfilm.com\/wp-content\/uploads\/2025\/02\/Picture1-300x87.png 300w, https:\/\/hochiminhcityfilm.com\/wp-content\/uploads\/2025\/02\/Picture1-1024x297.png 1024w, https:\/\/hochiminhcityfilm.com\/wp-content\/uploads\/2025\/02\/Picture1-768x222.png 768w, https:\/\/hochiminhcityfilm.com\/wp-content\/uploads\/2025\/02\/Picture1-1536x445.png 1536w, https:\/\/hochiminhcityfilm.com\/wp-content\/uploads\/2025\/02\/Picture1-2048x593.png 2048w, https:\/\/hochiminhcityfilm.com\/wp-content\/uploads\/2025\/02\/Picture1-18x5.png 18w\" sizes=\"auto, (max-width: 3384px) 100vw, 3384px\" \/><\/div>\n            \n<style>\n#banner-787759571 .bg.bg-loaded {\n  background-image: url(https:\/\/hochiminhcityfilm.com\/wp-content\/uploads\/2025\/02\/Picture1.png);\n}\n#banner-787759571 .bg {\n  background-position: 100% 100%;\n}\n<\/style>\n  <\/div>\n\n\n\t<div id=\"gap-832305227\" class=\"gap-element clearfix\" style=\"display:block; height:auto;\">\n\t\t\n<style>\n#gap-832305227 {\n  padding-top: 62px;\n}\n<\/style>\n\t<\/div>\n\t\n\t<section class=\"section\" id=\"section_206036826\">\n\t\t<div class=\"bg section-bg fill bg-fill  bg-loaded\" >\n\n\t\t\t\n\t\t\t\n\t\t\t\n\n\t\t<\/div>\n\n\t\t<div class=\"section-content relative\">\n\t\t\t\n<div class=\"row row-large\"  id=\"row-747882937\">\n\n\t<div id=\"col-1912154071\" class=\"col small-12 large-12\"  >\n\t\t<div class=\"col-inner\" style=\"background-color:rgb(38, 43, 66);\" >\n\t\t\t\n\t\t\t\n<div class=\"row row-collapse\"  id=\"row-1675911322\">\n\n\t<div id=\"col-84568535\" class=\"col medium-4 large-4\"  >\n\t\t<div class=\"col-inner\"  >\n\t\t\t\n\t\t\t\n<div class=\"message-box relative dark\" style=\"padding-top:23px;padding-bottom:23px;\"><div class=\"message-box-bg-image bg-fill fill\" ><\/div><div class=\"message-box-bg-overlay bg-fill fill\" style=\"background-color:rgb(38, 43, 66);\"><\/div><div class=\"container relative\"><div class=\"inner last-reset\">\n<div class=\"row align-middle align-center\"  id=\"row-1747340895\">\n\n\t<div id=\"col-1135101545\" class=\"col small-12 large-12\"  >\n\t\t<div class=\"col-inner\"  >\n\t\t\t\n\t\t\t\n<h2 style=\"text-align: center;\"><span style=\"font-size: 75%;\">H\u1ec7 th\u1ed1ng tr\u01b0\u1eddng \u0111\u1ea1i h\u1ecdc, h\u1ecdc vi\u1ec7n<\/span><\/h2>\n<div class=\"text-center\"><div class=\"is-divider divider clearfix\" style=\"margin-top:0.2em;margin-bottom:0.2em;height:1px;\"><\/div><\/div>\n<p style=\"text-align: justify;\"><span style=\"font-size: 95%;\">Tr\u01b0\u1eddng \u0110\u1ea1i h\u1ecdc Khoa h\u1ecdc X\u00e3 h\u1ed9i v\u00e0 Nh\u00e2n v\u0103n TP.HCM (USSH) c\u00f3 chuy\u00ean ng\u00e0nh bi\u00ean k\u1ecbch \u0111i\u1ec7n \u1ea3nh v\u00e0 truy\u1ec1n h\u00ecnh; M\u1edf chuy\u00ean ng\u00e0nh \u0111i\u1ec7n \u1ea3nh trong 1 s\u1ed1 tr\u01b0\u1eddng nh\u01b0 Ng\u00e0nh \u0110\u1ea1o di\u1ec5n \u0111i\u1ec7n \u1ea3nh \u2013 truy\u1ec1n h\u00ecnh t\u1ea1i Tr\u01b0\u1eddng \u0110\u1ea1i h\u1ecdc V\u0103n Lang, Ng\u00e0nh c\u00f4ng ngh\u1ec7 \u0111i\u1ec7n \u1ea3nh, truy\u1ec1n h\u00ecnh c\u1ee7a Tr\u01b0\u1eddng \u0110\u1ea1i h\u1ecdc C\u00f4ng ngh\u1ec7, Ch\u01b0\u01a1ng tr\u00ecnh Film c\u1ee7a Tr\u01b0\u1eddng \u0110\u1ea1i h\u1ecdc Hoa Sen\u2026<\/span><\/p>\n\t\t<\/div>\n\t\t\t<\/div>\n\n\t\n<\/div>\n<\/div><\/div><\/div>\n\t\t<\/div>\n\t\t\t<\/div>\n\n\t\n\n\t<div id=\"col-1276889250\" class=\"col medium-4 large-4\"  >\n\t\t<div class=\"col-inner\"  >\n\t\t\t\n\t\t\t\n\n  <div class=\"banner has-hover\" id=\"banner-847668259\">\n          <div class=\"banner-inner fill\">\n        <div class=\"banner-bg fill\" >\n            <div class=\"bg fill bg-fill\"><\/div>\n                                    \n                    <\/div>\n        <div class=\"banner-layers container\">\n            <div class=\"fill banner-link\"><\/div>            \n   <div id=\"text-box-1032317635\" class=\"text-box banner-layer x50 md-x50 lg-x50 y50 md-y50 lg-y50 res-text\">\n                                <div class=\"text dark\">\n              \n              <div class=\"text-inner text-center\">\n                  \n              <\/div>\n           <\/div>\n                            \n<style>\n#text-box-1032317635 {\n  width: 60%;\n}\n#text-box-1032317635 .text {\n  font-size: 100%;\n}\n<\/style>\n    <\/div>\n \n        <\/div>\n      <\/div>\n\n            \n<style>\n#banner-847668259 {\n  padding-top: 87%;\n}\n#banner-847668259 .bg.bg-loaded {\n  background-image: url(https:\/\/hochiminhcityfilm.com\/wp-content\/uploads\/2025\/02\/14-1024x398.png);\n}\n<\/style>\n  <\/div>\n\n\n\t\t<\/div>\n\t\t\t<\/div>\n\n\t\n\n\t<div id=\"col-558085968\" class=\"col medium-4 large-4\"  >\n\t\t<div class=\"col-inner\"  >\n\t\t\t\n\t\t\t\n<div class=\"message-box relative dark\" style=\"padding-top:10px;padding-bottom:10px;\"><div class=\"message-box-bg-image bg-fill fill\" ><\/div><div class=\"message-box-bg-overlay bg-fill fill\" style=\"background-color:rgb(38, 43, 66);\"><\/div><div class=\"container relative\"><div class=\"inner last-reset\">\n<div class=\"row align-middle align-center\"  id=\"row-1793194520\">\n\n\t<div id=\"col-971948710\" class=\"col small-12 large-12\"  >\n\t\t<div class=\"col-inner\"  >\n\t\t\t\n\t\t\t\n<h2 style=\"text-align: center;\"><span style=\"font-size: 75%;\">H\u1ec7 th\u1ed1ng k\u1ebft n\u1ed1i r\u1ed9ng kh\u1eafp<\/span><\/h2>\n<div class=\"text-center\"><div class=\"is-divider divider clearfix\" style=\"margin-top:0.2em;margin-bottom:0.2em;height:1px;\"><\/div><\/div>\n<p style=\"text-align: justify;\"><span style=\"font-size: 95%;\"><b>Li\u00ean <\/b><b>hi\u1ec7p<\/b> <b>c\u00e1c<\/b> <b>h\u1ed9i<\/b> <b>v\u0103n<\/b> <b>h\u1ecdc<\/b> <b>ngh\u1ec7<\/b> <b>thu\u1eadt<\/b> (v\u1edbi h\u01a1n <b>5.400<\/b> h\u1ed9i vi\u00ean) v\u00e0 c\u00e1c c\u00e2u l\u1ea1c b\u1ed9 chuy\u00ean ng\u00e0nh l\u00e0 c\u1ea7u n\u1ed1i gi\u1eefa c\u00e1c t\u00e0i n\u0103ng trong l\u0129nh v\u1ef1c \u0111i\u1ec7n \u1ea3nh.<\/span><\/p>\n<p style=\"text-align: justify;\"><span style=\"font-size: 95%;\"><b>H\u1ed9i<\/b> <b>\u0110i\u1ec7n<\/b> <b>\u1ea3nh<\/b><b> TP.HCM\u00a0 <\/b>l\u00e0 t\u1ed5 ch\u1ee9c ngh\u1ec1 nghi\u1ec7p quy t\u1ee5 c\u00e1c nh\u00e0 s\u00e1ng t\u00e1c v\u00e0 l\u00fd lu\u1eadn ph\u00ea b\u00ecnh \u0111i\u1ec7n \u1ea3nh, l\u00e0m phim, \u0111\u1ea1o di\u1ec5n, bi\u00ean k\u1ecbch, nh\u00e0 s\u1ea3n xu\u1ea5t, v\u00e0 nh\u00e0 nghi\u00ean c\u1ee9u, t\u1eadp h\u1ee3p <b>872<\/b> h\u1ed9i vi\u00ean<\/span><\/p>\n\t\t<\/div>\n\t\t\t<\/div>\n\n\t\n<\/div>\n<\/div><\/div><\/div>\n\t\t<\/div>\n\t\t\t<\/div>\n\n\t\n<\/div>\n<div class=\"row row-collapse\"  id=\"row-2042153610\">\n\n\t<div id=\"col-1328039975\" class=\"col medium-4 large-4\"  >\n\t\t<div class=\"col-inner\"  >\n\t\t\t\n\t\t\t\n\n  <div class=\"banner has-hover\" id=\"banner-2084332363\">\n          <div class=\"banner-inner fill\">\n        <div class=\"banner-bg fill\" >\n            <div class=\"bg fill bg-fill\"><\/div>\n                                    \n                    <\/div>\n        <div class=\"banner-layers container\">\n            <div class=\"fill banner-link\"><\/div>            \n   <div id=\"text-box-721840904\" class=\"text-box banner-layer x50 md-x50 lg-x50 y50 md-y50 lg-y50 res-text\">\n                                <div class=\"text dark\">\n              \n              <div class=\"text-inner text-center\">\n                  \n              <\/div>\n           <\/div>\n                            \n<style>\n#text-box-721840904 {\n  width: 60%;\n}\n#text-box-721840904 .text {\n  font-size: 100%;\n}\n<\/style>\n    <\/div>\n \n        <\/div>\n      <\/div>\n\n            \n<style>\n#banner-2084332363 {\n  padding-top: 88%;\n}\n#banner-2084332363 .bg.bg-loaded {\n  background-image: url(https:\/\/hochiminhcityfilm.com\/wp-content\/uploads\/2025\/02\/11-2-1024x398.png);\n}\n<\/style>\n  <\/div>\n\n\n\t\t<\/div>\n\t\t\t<\/div>\n\n\t\n\n\t<div id=\"col-425913826\" class=\"col medium-4 large-4\"  >\n\t\t<div class=\"col-inner\"  >\n\t\t\t\n\t\t\t\n<div class=\"message-box relative dark\" style=\"padding-top:86px;padding-bottom:86px;\"><div class=\"message-box-bg-image bg-fill fill\" ><\/div><div class=\"message-box-bg-overlay bg-fill fill\" style=\"background-color:rgb(38, 43, 66);\"><\/div><div class=\"container relative\"><div class=\"inner last-reset\">\n<div class=\"row align-middle align-center\"  id=\"row-350320991\">\n\n\t<div id=\"col-975404801\" class=\"col small-12 large-12\"  >\n\t\t<div class=\"col-inner\"  >\n\t\t\t\n\t\t\t\n<p style=\"text-align: justify;\"><span style=\"font-size: 95%;\">\u00a0TP.HCM c\u00f3 h\u1ec7 th\u1ed1ng \u0111\u00e0o t\u1ea1o v\u0103n h\u00f3a ngh\u1ec7 thu\u1eadt phong ph\u00fa, cung c\u1ea5p c\u00e1c ch\u01b0\u01a1ng tr\u00ecnh \u0111\u1ea1i h\u1ecdc \u0111a d\u1ea1ng, chuy\u00ean s\u00e2u v\u1ec1 s\u00e1ng t\u00e1c, \u0111\u1ea1o di\u1ec5n, bi\u00ean k\u1ecbch, quay phim, di\u1ec5n xu\u1ea5t, s\u1ea3n xu\u1ea5t phim k\u1ef9 thu\u1eadt s\u1ed1, c\u00f4ng ngh\u1ec7 \u0111i\u1ec7n \u1ea3nh \u2013 truy\u1ec1n h\u00ecnh\u2026 gi\u00fap \u0111\u1ecbnh h\u01b0\u1edbng v\u00e0 ph\u00e1t tri\u1ec3n nhi\u1ec1u th\u1ebf h\u1ec7 t\u00e0i n\u0103ng.<\/span><\/p>\n\t\t<\/div>\n\t\t\t<\/div>\n\n\t\n<\/div>\n<\/div><\/div><\/div>\n\t\t<\/div>\n\t\t\t<\/div>\n\n\t\n\n\t<div id=\"col-411280983\" class=\"col medium-4 large-4\"  >\n\t\t<div class=\"col-inner\"  >\n\t\t\t\n\t\t\t\n\n  <div class=\"banner has-hover\" id=\"banner-1809387306\">\n          <div class=\"banner-inner fill\">\n        <div class=\"banner-bg fill\" >\n            <div class=\"bg fill bg-fill\"><\/div>\n                                    \n                    <\/div>\n        <div class=\"banner-layers container\">\n            <div class=\"fill banner-link\"><\/div>            \n   <div id=\"text-box-1803644020\" class=\"text-box banner-layer x50 md-x50 lg-x50 y50 md-y50 lg-y50 res-text\">\n                                <div class=\"text dark\">\n              \n              <div class=\"text-inner text-center\">\n                  \n              <\/div>\n           <\/div>\n                            \n<style>\n#text-box-1803644020 {\n  width: 60%;\n}\n#text-box-1803644020 .text {\n  font-size: 100%;\n}\n<\/style>\n    <\/div>\n \n        <\/div>\n      <\/div>\n\n            \n<style>\n#banner-1809387306 {\n  padding-top: 87%;\n}\n#banner-1809387306 .bg.bg-loaded {\n  background-image: url(https:\/\/hochiminhcityfilm.com\/wp-content\/uploads\/2025\/02\/tp-65-1723817004792851519414-1024x715.jpg);\n}\n<\/style>\n  <\/div>\n\n\n\t\t<\/div>\n\t\t\t<\/div>\n\n\t\n<\/div>\n<div class=\"row row-collapse row-full-width\"  id=\"row-667582792\">\n\n\t<div id=\"col-1996879079\" class=\"col medium-4 large-4\"  >\n\t\t<div class=\"col-inner\"  >\n\t\t\t\n\t\t\t\n<div class=\"message-box relative dark\" style=\"padding-top:50px;padding-bottom:50px;\"><div class=\"message-box-bg-image bg-fill fill\" ><\/div><div class=\"message-box-bg-overlay bg-fill fill\" style=\"background-color:rgb(38, 43, 66);\"><\/div><div class=\"container relative\"><div class=\"inner last-reset\">\n<div class=\"row align-middle align-center\"  id=\"row-1085392127\">\n\n\t<div id=\"col-677158494\" class=\"col small-12 large-12\"  >\n\t\t<div class=\"col-inner\"  >\n\t\t\t\n\t\t\t\n<h2 style=\"text-align: center;\"><span style=\"font-size: 75%;\">H\u1ed7 tr\u1ee3 s\u00e1ng t\u1ea1o<\/span><\/h2>\n<div class=\"text-center\"><div class=\"is-divider divider clearfix\" style=\"margin-top:0.2em;margin-bottom:0.2em;height:1px;\"><\/div><\/div>\n<p style=\"text-align: justify;\"><span style=\"font-size: 95%;\">C\u00e1c kh\u00f4ng gian s\u00e1ng t\u1ea1o nh\u01b0 <b>184<\/b> kh\u00f4ng gian th\u1ef1c h\u00e0nh v\u00e0 n\u1ec1n t\u1ea3ng tr\u1ef1c tuy\u1ebfn H.OIP (Ho Chi Minh City Open Innovation Platform) gi\u00fap k\u1ebft n\u1ed1i c\u00e1c nh\u00e0 l\u00e0m phim, doanh nghi\u1ec7p v\u00e0 nh\u00e0 \u0111\u1ea7u t\u01b0, t\u1ea1o \u0111i\u1ec1u ki\u1ec7n cho vi\u1ec7c s\u1ea3n xu\u1ea5t v\u00e0 ph\u1ed5 bi\u1ebfn c\u00e1c d\u1ef1 \u00e1n \u0111i\u1ec7n \u1ea3nh \u0111\u1ed9t ph\u00e1.<\/span><\/p>\n\t\t<\/div>\n\t\t\t<\/div>\n\n\t\n<\/div>\n<\/div><\/div><\/div>\n\t\t<\/div>\n\t\t\t<\/div>\n\n\t\n\n\t<div id=\"col-176709923\" class=\"col medium-4 large-4\"  >\n\t\t<div class=\"col-inner text-center\"  >\n\t\t\t\n\t\t\t\n\n  <div class=\"banner has-hover\" id=\"banner-975564530\">\n          <div class=\"banner-inner fill\">\n        <div class=\"banner-bg fill\" >\n            <div class=\"bg fill bg-fill\"><\/div>\n                                    \n                    <\/div>\n        <div class=\"banner-layers container\">\n            <div class=\"fill banner-link\"><\/div>            \n   <div id=\"text-box-1170441398\" class=\"text-box banner-layer x50 md-x50 lg-x50 y50 md-y50 lg-y50 res-text\">\n                                <div class=\"text dark\">\n              \n              <div class=\"text-inner text-center\">\n                  \n              <\/div>\n           <\/div>\n                            \n<style>\n#text-box-1170441398 {\n  width: 60%;\n}\n#text-box-1170441398 .text {\n  font-size: 100%;\n}\n<\/style>\n    <\/div>\n \n        <\/div>\n      <\/div>\n\n            \n<style>\n#banner-975564530 {\n  padding-top: 87%;\n}\n#banner-975564530 .bg.bg-loaded {\n  background-image: url(https:\/\/hochiminhcityfilm.com\/wp-content\/uploads\/2025\/02\/13.png);\n}\n<\/style>\n  <\/div>\n\n\n\t\t<\/div>\n\t\t\t<\/div>\n\n\t\n\n\t<div id=\"col-126942520\" class=\"col medium-4 small-12 large-4\"  >\n\t\t<div class=\"col-inner\"  >\n\t\t\t\n\t\t\t\n<div class=\"message-box relative dark\" style=\"padding-top:64px;padding-bottom:64px;\"><div class=\"message-box-bg-image bg-fill fill\" ><\/div><div class=\"message-box-bg-overlay bg-fill fill\" style=\"background-color:rgb(38, 43, 66);\"><\/div><div class=\"container relative\"><div class=\"inner last-reset\">\n<h2 style=\"text-align: center;\"><span style=\"font-size: 75%;\">H\u1ee3p t\u00e1c qu\u1ed1c t\u1ebf<\/span><\/h2>\n<div class=\"row align-middle align-center\"  id=\"row-45760183\">\n\n\t<div id=\"col-1080258509\" class=\"col small-12 large-12\"  >\n\t\t<div class=\"col-inner\"  >\n\t\t\t\n\t\t\t\n<div class=\"text-center\"><div class=\"is-divider divider clearfix\" style=\"margin-top:0.2em;margin-bottom:0.2em;height:1px;\"><\/div><\/div>\n<p style=\"text-align: justify;\"><span style=\"font-size: 95%;\">S\u1ef1 tham gia c\u1ee7a c\u00e1c t\u1ed5 ch\u1ee9c nh\u01b0 Goethe-Institut, British Council, c\u00f9ng v\u1edbi 57 th\u00e0nh ph\u1ed1 k\u1ebft ngh\u0129a, t\u1ea1o n\u00ean m\u1ed9t m\u1ea1ng l\u01b0\u1edbi v\u1eefng m\u1ea1nh th\u00fac \u0111\u1ea9y giao l\u01b0u, h\u1ecdc h\u1ecfi v\u00e0 trao \u0111\u1ed5i kinh nghi\u1ec7m.<\/span><\/p>\n\t\t<\/div>\n\t\t\t<\/div>\n\n\t\n<\/div>\n<\/div><\/div><\/div>\n\t\t<\/div>\n\t\t\t<\/div>\n\n\t\n<\/div>\n\t\t<\/div>\n\t\t\t<\/div>\n\n\t\n<\/div>\n\t<div id=\"gap-1198731653\" class=\"gap-element clearfix\" style=\"display:block; height:auto;\">\n\t\t\n<style>\n#gap-1198731653 {\n  padding-top: 56px;\n}\n<\/style>\n\t<\/div>\n\t\n\t\t<\/div>\n\n\t\t\n<style>\n#section_206036826 {\n  padding-top: 24px;\n  padding-bottom: 24px;\n}\n<\/style>\n\t<\/section>","protected":false},"excerpt":{"rendered":"","protected":false},"author":14,"featured_media":0,"parent":0,"menu_order":0,"comment_status":"closed","ping_status":"closed","template":"","meta":{"footnotes":""},"class_list":["post-9124","page","type-page","status-publish","hentry"],"yoast_head":"<!-- This site is optimized with the Yoast SEO plugin v17.3 - https:\/\/yoast.com\/wordpress\/plugins\/seo\/ -->\n<title>M\u1ea1ng l\u01b0\u1edbi li\u00ean k\u1ebft - Trang ch\u1ee7 - Th\u00e0nh ph\u1ed1 \u0111i\u1ec7n \u1ea3nh<\/title>\n<meta name=\"robots\" content=\"index, follow, max-snippet:-1, max-image-preview:large, max-video-preview:-1\" \/>\n<link rel=\"canonical\" href=\"https:\/\/hochiminhcityfilm.com\/en\/mang-luoi-lien-ket\/\" \/>\n<meta property=\"og:locale\" content=\"en_US\" \/>\n<meta property=\"og:type\" content=\"article\" \/>\n<meta property=\"og:title\" content=\"M\u1ea1ng l\u01b0\u1edbi li\u00ean k\u1ebft - Trang ch\u1ee7 - Th\u00e0nh ph\u1ed1 \u0111i\u1ec7n \u1ea3nh\" \/>\n<meta property=\"og:url\" content=\"https:\/\/hochiminhcityfilm.com\/en\/mang-luoi-lien-ket\/\" \/>\n<meta property=\"og:site_name\" content=\"Trang ch\u1ee7 - Th\u00e0nh ph\u1ed1 \u0111i\u1ec7n \u1ea3nh\" \/>\n<meta property=\"article:modified_time\" content=\"2025-06-19T08:52:13+00:00\" \/>\n<meta name=\"twitter:card\" content=\"summary_large_image\" \/>\n<meta name=\"twitter:label1\" content=\"Est. reading time\" \/>\n\t<meta name=\"twitter:data1\" content=\"4 minutes\" \/>\n<script type=\"application\/ld+json\" class=\"yoast-schema-graph\">{\"@context\":\"https:\/\/schema.org\",\"@graph\":[{\"@type\":\"WebSite\",\"@id\":\"https:\/\/hochiminhcityfilm.com\/#website\",\"url\":\"https:\/\/hochiminhcityfilm.com\/\",\"name\":\"Trang ch\\u1ee7 - Th\\u00e0nh ph\\u1ed1 \\u0111i\\u1ec7n \\u1ea3nh\",\"description\":\"\",\"potentialAction\":[{\"@type\":\"SearchAction\",\"target\":{\"@type\":\"EntryPoint\",\"urlTemplate\":\"https:\/\/hochiminhcityfilm.com\/?s={search_term_string}\"},\"query-input\":\"required name=search_term_string\"}],\"inLanguage\":\"en-US\"},{\"@type\":\"WebPage\",\"@id\":\"https:\/\/hochiminhcityfilm.com\/mang-luoi-lien-ket\/#webpage\",\"url\":\"https:\/\/hochiminhcityfilm.com\/mang-luoi-lien-ket\/\",\"name\":\"M\\u1ea1ng l\\u01b0\\u1edbi li\\u00ean k\\u1ebft - Trang ch\\u1ee7 - Th\\u00e0nh ph\\u1ed1 \\u0111i\\u1ec7n \\u1ea3nh\",\"isPartOf\":{\"@id\":\"https:\/\/hochiminhcityfilm.com\/#website\"},\"datePublished\":\"2025-02-14T07:43:54+00:00\",\"dateModified\":\"2025-06-19T08:52:13+00:00\",\"breadcrumb\":{\"@id\":\"https:\/\/hochiminhcityfilm.com\/mang-luoi-lien-ket\/#breadcrumb\"},\"inLanguage\":\"en-US\",\"potentialAction\":[{\"@type\":\"ReadAction\",\"target\":[\"https:\/\/hochiminhcityfilm.com\/mang-luoi-lien-ket\/\"]}]},{\"@type\":\"BreadcrumbList\",\"@id\":\"https:\/\/hochiminhcityfilm.com\/mang-luoi-lien-ket\/#breadcrumb\",\"itemListElement\":[{\"@type\":\"ListItem\",\"position\":1,\"name\":\"Trang ch\\u1ee7\",\"item\":\"https:\/\/hochiminhcityfilm.com\/\"},{\"@type\":\"ListItem\",\"position\":2,\"name\":\"M\\u1ea1ng l\\u01b0\\u1edbi li\\u00ean k\\u1ebft\"}]}]}<\/script>\n<!-- \/ Yoast SEO plugin. -->","yoast_head_json":{"title":"M\u1ea1ng l\u01b0\u1edbi li\u00ean k\u1ebft - Trang ch\u1ee7 - Th\u00e0nh ph\u1ed1 \u0111i\u1ec7n \u1ea3nh","robots":{"index":"index","follow":"follow","max-snippet":"max-snippet:-1","max-image-preview":"max-image-preview:large","max-video-preview":"max-video-preview:-1"},"canonical":"https:\/\/hochiminhcityfilm.com\/en\/mang-luoi-lien-ket\/","og_locale":"en_US","og_type":"article","og_title":"M\u1ea1ng l\u01b0\u1edbi li\u00ean k\u1ebft - Trang ch\u1ee7 - Th\u00e0nh ph\u1ed1 \u0111i\u1ec7n \u1ea3nh","og_url":"https:\/\/hochiminhcityfilm.com\/en\/mang-luoi-lien-ket\/","og_site_name":"Trang ch\u1ee7 - Th\u00e0nh ph\u1ed1 \u0111i\u1ec7n \u1ea3nh","article_modified_time":"2025-06-19T08:52:13+00:00","twitter_card":"summary_large_image","twitter_misc":{"Est. reading time":"4 minutes"},"schema":{"@context":"https:\/\/schema.org","@graph":[{"@type":"WebSite","@id":"https:\/\/hochiminhcityfilm.com\/#website","url":"https:\/\/hochiminhcityfilm.com\/","name":"Trang ch\u1ee7 - Th\u00e0nh ph\u1ed1 \u0111i\u1ec7n \u1ea3nh","description":"","potentialAction":[{"@type":"SearchAction","target":{"@type":"EntryPoint","urlTemplate":"https:\/\/hochiminhcityfilm.com\/?s={search_term_string}"},"query-input":"required name=search_term_string"}],"inLanguage":"en-US"},{"@type":"WebPage","@id":"https:\/\/hochiminhcityfilm.com\/mang-luoi-lien-ket\/#webpage","url":"https:\/\/hochiminhcityfilm.com\/mang-luoi-lien-ket\/","name":"M\u1ea1ng l\u01b0\u1edbi li\u00ean k\u1ebft - Trang ch\u1ee7 - Th\u00e0nh ph\u1ed1 \u0111i\u1ec7n \u1ea3nh","isPartOf":{"@id":"https:\/\/hochiminhcityfilm.com\/#website"},"datePublished":"2025-02-14T07:43:54+00:00","dateModified":"2025-06-19T08:52:13+00:00","breadcrumb":{"@id":"https:\/\/hochiminhcityfilm.com\/mang-luoi-lien-ket\/#breadcrumb"},"inLanguage":"en-US","potentialAction":[{"@type":"ReadAction","target":["https:\/\/hochiminhcityfilm.com\/mang-luoi-lien-ket\/"]}]},{"@type":"BreadcrumbList","@id":"https:\/\/hochiminhcityfilm.com\/mang-luoi-lien-ket\/#breadcrumb","itemListElement":[{"@type":"ListItem","position":1,"name":"Trang ch\u1ee7","item":"https:\/\/hochiminhcityfilm.com\/"},{"@type":"ListItem","position":2,"name":"M\u1ea1ng l\u01b0\u1edbi li\u00ean k\u1ebft"}]}]}},"jetpack_sharing_enabled":true,"_links":{"self":[{"href":"https:\/\/hochiminhcityfilm.com\/en\/wp-json\/wp\/v2\/pages\/9124","targetHints":{"allow":["GET"]}}],"collection":[{"href":"https:\/\/hochiminhcityfilm.com\/en\/wp-json\/wp\/v2\/pages"}],"about":[{"href":"https:\/\/hochiminhcityfilm.com\/en\/wp-json\/wp\/v2\/types\/page"}],"author":[{"embeddable":true,"href":"https:\/\/hochiminhcityfilm.com\/en\/wp-json\/wp\/v2\/users\/14"}],"replies":[{"embeddable":true,"href":"https:\/\/hochiminhcityfilm.com\/en\/wp-json\/wp\/v2\/comments?post=9124"}],"version-history":[{"count":40,"href":"https:\/\/hochiminhcityfilm.com\/en\/wp-json\/wp\/v2\/pages\/9124\/revisions"}],"predecessor-version":[{"id":9994,"href":"https:\/\/hochiminhcityfilm.com\/en\/wp-json\/wp\/v2\/pages\/9124\/revisions\/9994"}],"wp:attachment":[{"href":"https:\/\/hochiminhcityfilm.com\/en\/wp-json\/wp\/v2\/media?parent=9124"}],"curies":[{"name":"wp","href":"https:\/\/api.w.org\/{rel}","templated":true}]}}