{"id":9018,"date":"2025-02-13T19:45:28","date_gmt":"2025-02-13T12:45:28","guid":{"rendered":"https:\/\/hochiminhcityfilm.com\/?page_id=9018"},"modified":"2025-11-26T16:26:46","modified_gmt":"2025-11-26T09:26:46","slug":"dich-vu-dien-anh","status":"publish","type":"page","link":"https:\/\/hochiminhcityfilm.com\/en\/dich-vu-dien-anh\/","title":{"rendered":"Films service"},"content":{"rendered":"<div class=\"banner has-hover\" id=\"banner-1624561042\">\n          <div class=\"banner-inner fill\">\n        <div class=\"banner-bg fill\" >\n            <div class=\"bg fill bg-fill\"><\/div>\n                                    \n                    <\/div>\n        <div class=\"banner-layers container\">\n            <div class=\"fill banner-link\"><\/div>            \n   <div id=\"text-box-1274053873\" class=\"text-box banner-layer x50 md-x50 lg-x50 y50 md-y50 lg-y50 res-text\">\n                                <div class=\"text dark\">\n              \n              <div class=\"text-inner text-center\">\n                  \n<h1 class=\"uppercase\"><strong>D\u1ecaCH V\u1ee4 \u0110I\u1ec6N \u1ea2NH<\/strong><\/h1>\n<p>H\u1ed7 tr\u1ee3 tr\u01b0\u1eddng quay, s\u1ea3n xu\u1ea5t phim, ph\u00e1t h\u00e0nh phim, t\u00e0i ch\u00ednh, ph\u00e1p l\u00fd<\/p>\n              <\/div>\n           <\/div>\n                            \n<style>\n#text-box-1274053873 {\n  width: 60%;\n}\n#text-box-1274053873 .text {\n  font-size: 100%;\n}\n<\/style>\n    <\/div>\n \n        <\/div>\n      <\/div>\n\n            \n<style>\n#banner-1624561042 {\n  padding-top: 500px;\n}\n#banner-1624561042 .bg.bg-loaded {\n  background-image: url(https:\/\/hochiminhcityfilm.com\/wp-content\/uploads\/2025\/02\/Pi-Study-5.png);\n}\n#banner-1624561042 .bg {\n  background-position: 0% 37%;\n}\n<\/style>\n  <\/div>\n\n\n\t<section class=\"section\" id=\"section_1989493085\">\n\t\t<div class=\"bg section-bg fill bg-fill  bg-loaded\" >\n\n\t\t\t\n\t\t\t\n\t\t\t\n\n\t\t<\/div>\n\n\t\t<div class=\"section-content relative\">\n\t\t\t\n<h2 style=\"text-align: center;\"><span style=\"font-size: 110%;\"><strong>\u00a0H\u1ed7 tr\u1ee3 tr\u01b0\u1eddng quay<\/strong><\/span><\/h2>\n<div class=\"row row-large\"  id=\"row-1450445982\">\n\n\t<div id=\"col-898529617\" class=\"col small-12 large-12\"  >\n\t\t<div class=\"col-inner\"  >\n\t\t\t\n\t\t\t\n<p style=\"text-align: justify;\">Tr\u01b0\u1eddng quay l\u00e0 n\u01a1i \u0111\u1ec3 th\u1ef1c hi\u1ec7n c\u1ea3nh quay \u0111\u00e1p \u1ee9ng \u0111i\u1ec1u ki\u1ec7n v\u1ec1 kh\u00f4ng gian, trang thi\u1ebft b\u1ecb k\u1ef9 thu\u1eadt \u0111\u1ec3 d\u1ef1ng b\u1ed1i c\u1ea3nh ph\u00f9 h\u1ee3p v\u1edbi vi\u1ec7c s\u1ea3n xu\u1ea5t phim, bao g\u1ed3m tr\u01b0\u1eddng quay trong nh\u00e0 v\u00e0 tr\u01b0\u1eddng quay ngo\u00e0i tr\u1eddi.<br \/>\n\u0110\u1ecba \u0111i\u1ec3m chi\u1ebfu phim c\u00f4ng c\u1ed9ng l\u00e0 nh\u00e0 h\u00e1t, nh\u00e0 v\u0103n h\u00f3a, nh\u00e0 tri\u1ec3n l\u00e3m, trung t\u00e2m v\u0103n h\u00f3a, c\u00e2u l\u1ea1c b\u1ed9, c\u01a1 s\u1edf cung c\u1ea5p d\u1ecbch v\u1ee5 l\u01b0u tr\u00fa, c\u01a1 s\u1edf cung c\u1ea5p d\u1ecbch v\u1ee5 \u0103n u\u1ed1ng, v\u0169 tr\u01b0\u1eddng, c\u1eeda h\u00e0ng, c\u1eeda hi\u1ec7u, s\u00e2n v\u1eadn \u0111\u1ed9ng, nh\u00e0 thi \u0111\u1ea5u th\u1ec3 thao, qu\u1ea3ng tr\u01b0\u1eddng, ph\u01b0\u01a1ng ti\u1ec7n v\u1eadn t\u1ea3i h\u00e0nh kh\u00e1ch c\u00f4ng c\u1ed9ng v\u00e0 ph\u01b0\u01a1ng ti\u1ec7n, \u0111\u1ecba \u0111i\u1ec3m c\u00f4ng c\u1ed9ng kh\u00e1c c\u00f3 t\u1ed5 ch\u1ee9c chi\u1ebfu phim.<\/p>\n\t\t<\/div>\n\t\t\t<\/div>\n\n\t\n<\/div>\n<h2 style=\"text-align: center;\"><span style=\"font-size: 110%;\"><strong>\u00a0H\u1ed7 tr\u1ee3 s\u1ea3n xu\u1ea5t phim<\/strong><\/span><\/h2>\n<div class=\"row row-large\"  id=\"row-1169466476\">\n\n\t<div id=\"col-553064477\" class=\"col small-12 large-12\"  >\n\t\t<div class=\"col-inner\"  >\n\t\t\t\n\t\t\t\n<p>S\u1ea3n xu\u1ea5t, h\u1ee3p t\u00e1c s\u1ea3n xu\u1ea5t phim; cung c\u1ea5p d\u1ecbch v\u1ee5 s\u1ea3n xu\u1ea5t phim cho t\u1ed5 ch\u1ee9c, c\u00e1 nh\u00e2n trong n\u01b0\u1edbc v\u00e0 n\u01b0\u1edbc ngo\u00e0i;<br \/>\nTham gia s\u1ea3n xu\u1ea5t phim s\u1eed d\u1ee5ng ng\u00e2n s\u00e1ch nh\u00e0 n\u01b0\u1edbc;<br \/>\nTham gia li\u00ean hoan phim, gi\u1ea3i th\u01b0\u1edfng phim, cu\u1ed9c thi phim, ch\u01b0\u01a1ng tr\u00ecnh phim, tu\u1ea7n phim.<\/p>\n<p>\u0110\u00e1p \u1ee9ng c\u00e1c ti\u00eau ch\u00ed:<\/p>\n<p>a) B\u1ea3o \u0111\u1ea3m s\u1ea3n xu\u1ea5t phim theo n\u1ed9i dung \u0111\u00e3 \u0111\u0103ng k\u00fd kinh doanh, ch\u1ee9c n\u0103ng, nhi\u1ec7m v\u1ee5 \u0111\u01b0\u1ee3c giao ho\u1eb7c \u0111\u01b0\u1ee3c ph\u00ea duy\u1ec7t;<br \/>\nb) Th\u1ef1c hi\u1ec7n n\u1ed9i dung v\u0103n b\u1ea3n th\u1ea9m \u0111\u1ecbnh k\u1ecbch b\u1ea3n \u0111\u1ed1i v\u1edbi phim s\u1ea3n xu\u1ea5t s\u1eed d\u1ee5ng ng\u00e2n s\u00e1ch nh\u00e0 n\u01b0\u1edbc;<br \/>\nc) B\u1ea3o \u0111\u1ea3m an ninh, tr\u1eadt t\u1ef1, an to\u00e0n x\u00e3 h\u1ed9i, y t\u1ebf, ph\u00f2ng, ch\u1ed1ng ch\u00e1y, n\u1ed5, b\u1ea3o v\u1ec7 m\u00f4i tr\u01b0\u1eddng, b\u1ea3o v\u1ec7 di s\u1ea3n v\u0103n h\u00f3a v\u00e0 c\u00e1c v\u1ea5n \u0111\u1ec1 kh\u00e1c c\u00f3 li\u00ean quan theo quy \u0111\u1ecbnh c\u1ee7a ph\u00e1p lu\u1eadt trong qu\u00e1 tr\u00ecnh s\u1ea3n xu\u1ea5t phim;<br \/>\nd) G\u1eedi v\u0103n b\u1ea3n cam k\u1ebft kh\u00f4ng vi ph\u1ea1m quy \u0111\u1ecbnh t\u1ea1i \u0110i\u1ec1u 9 c\u1ee7a Lu\u1eadt n\u00e0y t\u1edbi B\u1ed9 V\u0103n h\u00f3a, Th\u1ec3 thao v\u00e0 Du l\u1ecbch trong tr\u01b0\u1eddng h\u1ee3p h\u1ee3p t\u00e1c s\u1ea3n xu\u1ea5t phim v\u1edbi t\u1ed5 ch\u1ee9c, c\u00e1 nh\u00e2n n\u01b0\u1edbc ngo\u00e0i, nh\u1eadn t\u00e0i tr\u1ee3 t\u1eeb t\u1ed5 ch\u1ee9c, c\u00e1 nh\u00e2n n\u01b0\u1edbc ngo\u00e0i \u0111\u1ec3 s\u1ea3n xu\u1ea5t phim;<br \/>\n\u0111) Tu\u00e2n th\u1ee7 quy \u0111\u1ecbnh c\u1ee7a Lu\u1eadt n\u00e0y v\u00e0 quy \u0111\u1ecbnh kh\u00e1c c\u1ee7a ph\u00e1p lu\u1eadt c\u00f3 li\u00ean quan.<\/p>\n\t\t<\/div>\n\t\t\t<\/div>\n\n\t\n<\/div>\n<h2 style=\"text-align: center;\"><span style=\"font-size: 110%;\"><strong>\u00a0H\u1ed7 tr\u1ee3 ph\u1ed5 bi\u1ebfn v\u00e0 ph\u00e1t h\u00e0nh phim<\/strong><\/span><\/h2>\n<div class=\"row row-large\"  id=\"row-281364117\">\n\n\t<div id=\"col-2050790525\" class=\"col small-12 large-12\"  >\n\t\t<div class=\"col-inner\"  >\n\t\t\t\n\t\t\t\n<p><strong>PH\u1ed4 BI\u1ebeN PHIM<\/strong><\/p>\n<p>a) Ph\u1ed5 bi\u1ebfn phim theo quy \u0111\u1ecbnh c\u1ee7a ph\u00e1p lu\u1eadt:<br \/>\n+ Trong r\u1ea1p chi\u1ebfu phim, tr\u00ean h\u00ea th\u1ed1ng truy\u1ec1n h\u00ecnh;<br \/>\n+ Tr\u00ean kh\u00f4ng gian m\u1ea1ng, t\u1ea1i \u0111\u1ecba \u0111i\u1ec3m chi\u1ebfu phim c\u00f4ng c\u1ed9ng;<br \/>\n+ Ph\u1ee5c v\u1ee5 nhi\u1ec7m v\u1ee5 ch\u00ednh tr\u1ecb \u1edf v\u00f9ng cao, mi\u1ec1n n\u00fai, bi\u00ean gi\u1edbi, h\u1ea3i \u0111\u1ea3o, v\u00f9ng \u0111\u1ed3ng b\u00e0o d\u00e2n t\u1ed9c thi\u1ec3u s\u1ed1 v\u00e0 n\u00f4ng th\u00f4n;<br \/>\n+ T\u1ea1i tr\u1ee5 s\u1edf c\u01a1 quan ngo\u00e0i giao, c\u01a1 s\u1edf v\u0103n h\u00f3a n\u01b0\u1edbc ngo\u00e0i \u0111\u01b0\u1ee3c th\u00e0nh l\u1eadp t\u1ea1i Vi\u1ec7t Nam;<br \/>\nb) Th\u1ef1c hi\u1ec7n qu\u1ea3ng c\u00e1o phim v\u00e0 d\u1ecbch v\u1ee5 kh\u00e1c ph\u1ee5c v\u1ee5 ng\u01b0\u1eddi xem theo quy \u0111\u1ecbnh c\u1ee7a ph\u00e1p lu\u1eadt.<br \/>\n+ Qu\u1ea3ng c\u00e1o phim;<br \/>\n+ Qu\u1ea3ng c\u00e1o s\u1ea3n ph\u1ea9m, h\u00e0ng h\u00f3a , d\u1ecbch v\u1ee5 trong phim;<\/p>\n<p>\u0110\u1ea3m b\u1ea3o c\u00e1c ti\u00eau ch\u00ed:<\/p>\n<p>a) B\u1ea3o \u0111\u1ea3m ph\u1ed5 bi\u1ebfn phim theo n\u1ed9i dung \u0111\u00e3 \u0111\u0103ng k\u00fd kinh doanh, ch\u1ee9c n\u0103ng, nhi\u1ec7m v\u1ee5 \u0111\u01b0\u1ee3c giao ho\u1eb7c \u0111\u01b0\u1ee3c ph\u00ea duy\u1ec7t;<br \/>\nb) Ch\u1ec9 \u0111\u01b0\u1ee3c ph\u1ed5 bi\u1ebfn phim c\u00f3 Gi\u1ea5y ph\u00e9p ph\u00e2n lo\u1ea1i phim ho\u1eb7c Quy\u1ebft \u0111\u1ecbnh ph\u00e1t<br \/>\ns\u00f3ng, tr\u1eeb tr\u01b0\u1eddng h\u1ee3p t\u1ef1 th\u1ef1c hi\u1ec7n ph\u00e2n lo\u1ea1i phim theo quy \u0111\u1ecbnh t\u1ea1i \u0111i\u1ec3m b kho\u1ea3n 2 \u0110i\u1ec1u 21 c\u1ee7a Lu\u1eadt \u0111i\u1ec7n \u1ea3nh;<br \/>\nc) B\u1ea3o \u0111\u1ea3m \u0111i\u1ec1u ki\u1ec7n \u0111\u1ec3 ph\u1ed5 bi\u1ebfn phim \u0111\u1ed1i v\u1edbi t\u1eebng h\u00ecnh th\u1ee9c ph\u1ed5 bi\u1ebfn phim;<br \/>\nd) Th\u1ef1c hi\u1ec7n hi\u1ec3n th\u1ecb m\u1ee9c ph\u00e2n lo\u1ea1i phim, c\u1ea3nh b\u00e1o theo quy \u0111\u1ecbnh c\u1ee7a B\u1ed9 tr\u01b0\u1edfng B\u1ed9 V\u0103n h\u00f3a, Th\u1ec3 thao v\u00e0 Du l\u1ecbch;<br \/>\n\u0111) D\u1eebng vi\u1ec7c ph\u1ed5 bi\u1ebfn phim khi c\u00f3 y\u00eau c\u1ea7u b\u1eb1ng v\u0103n b\u1ea3n c\u1ee7a c\u01a1 quan nh\u00e0 n\u01b0\u1edbc c\u00f3 th\u1ea9m quy\u1ec1n.<\/p>\n<p><strong>PH\u00c1T H\u00c0NH PHIM<\/strong><\/p>\n<p>a) Ph\u00e1t h\u00e0nh phim t\u1ea1i Vi\u1ec7t Nam v\u00e0 n\u01b0\u1edbc ngo\u00e0i;<br \/>\nb) Trao \u0111\u1ed5i, mua, b\u00e1n, cho thu\u00ea, xu\u1ea5t kh\u1ea9u, nh\u1eadp kh\u1ea9u phim theo quy \u0111\u1ecbnh c\u1ee7a ph\u00e1p lu\u1eadt.<\/p>\n<p>\u0110\u1ea3m b\u1ea3o c\u00e1c ti\u00eau ch\u00ed:<\/p>\n<p>a) B\u1ea3o \u0111\u1ea3m ph\u00e1t h\u00e0nh phim theo n\u1ed9i dung \u0111\u00e3 \u0111\u0103ng k\u00fd kinh doanh, ch\u1ee9c n\u0103ng, nhi\u1ec7m v\u1ee5 \u0111\u01b0\u1ee3c giao ho\u1eb7c \u0111\u01b0\u1ee3c ph\u00ea duy\u1ec7t;<br \/>\nb) B\u1ea3o \u0111\u1ea3m phim ph\u00e1t h\u00e0nh tu\u00e2n th\u1ee7 quy \u0111\u1ecbnh c\u1ee7a Lu\u1eadt n\u00e0y v\u00e0 quy \u0111\u1ecbnh kh\u00e1c c\u1ee7a ph\u00e1p lu\u1eadt c\u00f3 li\u00ean quan;<br \/>\nc) Ch\u1ecbu tr\u00e1ch nhi\u1ec7m tr\u01b0\u1edbc ph\u00e1p lu\u1eadt v\u1ec1 n\u1ed9i dung phim ph\u00e1t h\u00e0nh.<\/p>\n\t\t<\/div>\n\t\t\t<\/div>\n\n\t\n<\/div>\n<h2 style=\"text-align: center;\"><span style=\"font-size: 110%;\"><strong>\u00a0H\u1ed7 tr\u1ee3 t\u00e0i ch\u00ednh v\u00e0 c\u00e1c v\u1ea5n \u0111\u1ec1 ph\u00e1p l\u00fd<\/strong><\/span><\/h2>\n<div class=\"row row-large\"  id=\"row-1760404766\">\n\n\t<div id=\"col-534776551\" class=\"col small-12 large-12\"  >\n\t\t<div class=\"col-inner\"  >\n\t\t\t\n\t\t\t\n<p>&nbsp;<\/p>\n\t\t<\/div>\n\t\t\t<\/div>\n\n\t\n<\/div>\n\t\t<\/div>\n\n\t\t\n<style>\n#section_1989493085 {\n  padding-top: 63px;\n  padding-bottom: 63px;\n}\n#section_1989493085 .section-bg {\n  background-position: 84% 24%;\n}\n<\/style>\n\t<\/section>\n\t\n<div class=\"row row-large\"  id=\"row-394884860\">\n\n\t<div id=\"col-57317741\" class=\"col small-12 large-12\"  >\n\t\t<div class=\"col-inner\"  >\n\t\t\t\n\t\t\t\n<div class=\"row row-large\"  id=\"row-1446125643\">\n\n\t<div id=\"col-1633131942\" class=\"col small-12 large-12\"  >\n\t\t<div class=\"col-inner\"  >\n\t\t\t\n\t\t\t\n\t<div id=\"gap-1326082363\" class=\"gap-element clearfix\" style=\"display:block; height:auto;\">\n\t\t\n<style>\n#gap-1326082363 {\n  padding-top: 30px;\n}\n<\/style>\n\t<\/div>\n\t\n<div class=\"row row-large\"  id=\"row-2123645880\">\n\n\t<div id=\"col-1771425605\" class=\"col small-12 large-12\"  >\n\t\t<div class=\"col-inner\"  >\n\t\t\t\n\t\t\t\n<h2 style=\"text-align: center;\"><span style=\"font-size: 110%;\"><b>Danh b\u1ea1 c\u01a1 quan, t\u1ed5 ch\u1ee9c li\u00ean quan<\/b><\/span><\/h2>\n\t<div id=\"gap-2113122148\" class=\"gap-element clearfix\" style=\"display:block; height:auto;\">\n\t\t\n<style>\n#gap-2113122148 {\n  padding-top: 30px;\n}\n<\/style>\n\t<\/div>\n\t\n<div class=\"slider-wrapper relative\" id=\"slider-730398178\" >\n    <div class=\"slider slider-nav-simple slider-nav-large slider-nav-dark slider-nav-outside slider-style-normal slider-show-nav\"\n        data-flickity-options='{            \"cellAlign\": \"center\",            \"imagesLoaded\": true,            \"lazyLoad\": 1,            \"freeScroll\": true,            \"wrapAround\": true,            \"autoPlay\": 6000,            \"pauseAutoPlayOnHover\" : true,            \"prevNextButtons\": true,            \"contain\" : true,            \"adaptiveHeight\" : true,            \"dragThreshold\" : 10,            \"percentPosition\": true,            \"pageDots\": false,            \"rightToLeft\": false,            \"draggable\": true,            \"selectedAttraction\": 0.1,            \"parallax\" : 0,            \"friction\": 0.6        }'\n        >\n        \n<div class=\"ux-logo has-hover align-middle ux_logo inline-block\" style=\"max-width: 100%!important; width: 268.09523809524px!important\"><div class=\"ux-logo-link block image-color\" title=\"\"  href=\"\" style=\"padding: 15px;\"><img decoding=\"async\" src=\"https:\/\/hochiminhcityfilm.com\/wp-content\/themes\/flatsome\/assets\/img\/logo.png\" title=\"\" alt=\"\" class=\"ux-logo-image block\" style=\"height:50px;\" \/><\/div><\/div>\n<div class=\"ux-logo has-hover align-middle ux_logo inline-block\" style=\"max-width: 100%!important; width: 268.09523809524px!important\"><div class=\"ux-logo-link block image-color\" title=\"\"  href=\"\" style=\"padding: 15px;\"><img decoding=\"async\" src=\"https:\/\/hochiminhcityfilm.com\/wp-content\/themes\/flatsome\/assets\/img\/logo.png\" title=\"\" alt=\"\" class=\"ux-logo-image block\" style=\"height:50px;\" \/><\/div><\/div>\n<div class=\"ux-logo has-hover align-middle ux_logo inline-block\" style=\"max-width: 100%!important; width: 268.09523809524px!important\"><div class=\"ux-logo-link block image-color\" title=\"\"  href=\"\" style=\"padding: 15px;\"><img decoding=\"async\" src=\"https:\/\/hochiminhcityfilm.com\/wp-content\/themes\/flatsome\/assets\/img\/logo.png\" title=\"\" alt=\"\" class=\"ux-logo-image block\" style=\"height:50px;\" \/><\/div><\/div>\n<div class=\"ux-logo has-hover align-middle ux_logo inline-block\" style=\"max-width: 100%!important; width: 268.09523809524px!important\"><div class=\"ux-logo-link block image-color\" title=\"\"  href=\"\" style=\"padding: 15px;\"><img decoding=\"async\" src=\"https:\/\/hochiminhcityfilm.com\/wp-content\/themes\/flatsome\/assets\/img\/logo.png\" title=\"\" alt=\"\" class=\"ux-logo-image block\" style=\"height:50px;\" \/><\/div><\/div>\n<div class=\"ux-logo has-hover align-middle ux_logo inline-block\" style=\"max-width: 100%!important; width: 268.09523809524px!important\"><div class=\"ux-logo-link block image-color\" title=\"\"  href=\"\" style=\"padding: 15px;\"><img decoding=\"async\" src=\"https:\/\/hochiminhcityfilm.com\/wp-content\/themes\/flatsome\/assets\/img\/logo.png\" title=\"\" alt=\"\" class=\"ux-logo-image block\" style=\"height:50px;\" \/><\/div><\/div>\n<div class=\"ux-logo has-hover align-middle ux_logo inline-block\" style=\"max-width: 100%!important; width: 268.09523809524px!important\"><div class=\"ux-logo-link block image-color\" title=\"\"  href=\"\" style=\"padding: 15px;\"><img decoding=\"async\" src=\"https:\/\/hochiminhcityfilm.com\/wp-content\/themes\/flatsome\/assets\/img\/logo.png\" title=\"\" alt=\"\" class=\"ux-logo-image block\" style=\"height:50px;\" \/><\/div><\/div>\n<div class=\"ux-logo has-hover align-middle ux_logo inline-block\" style=\"max-width: 100%!important; width: 268.09523809524px!important\"><div class=\"ux-logo-link block image-color\" title=\"\"  href=\"\" style=\"padding: 15px;\"><img decoding=\"async\" src=\"https:\/\/hochiminhcityfilm.com\/wp-content\/themes\/flatsome\/assets\/img\/logo.png\" title=\"\" alt=\"\" class=\"ux-logo-image block\" style=\"height:50px;\" \/><\/div><\/div>\n<div class=\"ux-logo has-hover align-middle ux_logo inline-block\" style=\"max-width: 100%!important; width: 268.09523809524px!important\"><div class=\"ux-logo-link block image-color\" title=\"\"  href=\"\" style=\"padding: 15px;\"><img decoding=\"async\" src=\"https:\/\/hochiminhcityfilm.com\/wp-content\/themes\/flatsome\/assets\/img\/logo.png\" title=\"\" alt=\"\" class=\"ux-logo-image block\" style=\"height:50px;\" \/><\/div><\/div>\n<div class=\"ux-logo has-hover align-middle ux_logo inline-block\" style=\"max-width: 100%!important; width: 196.40774907749px!important\"><div class=\"ux-logo-link block image-zoom\" title=\"logo1\"  href=\"\" style=\"padding: 15px;\"><img decoding=\"async\" src=\"https:\/\/hochiminhcityfilm.com\/wp-content\/uploads\/2025\/02\/COLOR-TREATMEN8.jpg\" title=\"logo1\" alt=\"logo1\" class=\"ux-logo-image block\" style=\"height:94px;\" \/><\/div><\/div>\n<div class=\"ux-logo has-hover align-middle ux_logo inline-block\" style=\"max-width: 100%!important; width: 191.09686346863px!important\"><div class=\"ux-logo-link block image-\" title=\"\"  href=\"\" style=\"padding: 15px;\"><img decoding=\"async\" src=\"https:\/\/hochiminhcityfilm.com\/wp-content\/uploads\/2025\/02\/COLOR-TREATMEN8.jpg\" title=\"\" alt=\"\" class=\"ux-logo-image block\" style=\"height:91px;\" \/><\/div><\/div>\n<div class=\"ux-logo has-hover align-middle ux_logo inline-block\" style=\"max-width: 100%!important; width: 268.09523809524px!important\"><div class=\"ux-logo-link block image-color\" title=\"\"  href=\"\" style=\"padding: 15px;\"><img decoding=\"async\" src=\"https:\/\/hochiminhcityfilm.com\/wp-content\/themes\/flatsome\/assets\/img\/logo.png\" title=\"\" alt=\"\" class=\"ux-logo-image block\" style=\"height:50px;\" \/><\/div><\/div>\n     <\/div>\n\n     <div class=\"loading-spin dark large centered\"><\/div>\n\n     <\/div>\n\n\n\t\t<\/div>\n\t\t\t<\/div>\n\n\t\n<\/div>\n\t\t<\/div>\n\t\t\t<\/div>\n\n\t\n<\/div>\n\t\t<\/div>\n\t\t\t<\/div>\n\n\t\n<\/div>","protected":false},"excerpt":{"rendered":"","protected":false},"author":14,"featured_media":0,"parent":0,"menu_order":0,"comment_status":"closed","ping_status":"closed","template":"","meta":{"footnotes":""},"class_list":["post-9018","page","type-page","status-publish","hentry"],"yoast_head":"<!-- This site is optimized with the Yoast SEO plugin v17.3 - https:\/\/yoast.com\/wordpress\/plugins\/seo\/ -->\n<title>D\u1ecbch v\u1ee5 \u0111i\u1ec7n \u1ea3nh - Trang ch\u1ee7 - Th\u00e0nh ph\u1ed1 \u0111i\u1ec7n \u1ea3nh<\/title>\n<meta name=\"robots\" content=\"index, follow, max-snippet:-1, max-image-preview:large, max-video-preview:-1\" \/>\n<link rel=\"canonical\" href=\"https:\/\/hochiminhcityfilm.com\/en\/dich-vu-dien-anh\/\" \/>\n<meta property=\"og:locale\" content=\"en_US\" \/>\n<meta property=\"og:type\" content=\"article\" \/>\n<meta property=\"og:title\" content=\"D\u1ecbch v\u1ee5 \u0111i\u1ec7n \u1ea3nh - Trang ch\u1ee7 - Th\u00e0nh ph\u1ed1 \u0111i\u1ec7n \u1ea3nh\" \/>\n<meta property=\"og:url\" content=\"https:\/\/hochiminhcityfilm.com\/en\/dich-vu-dien-anh\/\" \/>\n<meta property=\"og:site_name\" content=\"Trang ch\u1ee7 - Th\u00e0nh ph\u1ed1 \u0111i\u1ec7n \u1ea3nh\" \/>\n<meta property=\"article:modified_time\" content=\"2025-11-26T09:26:46+00:00\" \/>\n<meta name=\"twitter:card\" content=\"summary_large_image\" \/>\n<meta name=\"twitter:label1\" content=\"Est. reading time\" \/>\n\t<meta name=\"twitter:data1\" content=\"6 minutes\" \/>\n<script type=\"application\/ld+json\" class=\"yoast-schema-graph\">{\"@context\":\"https:\/\/schema.org\",\"@graph\":[{\"@type\":\"WebSite\",\"@id\":\"https:\/\/hochiminhcityfilm.com\/#website\",\"url\":\"https:\/\/hochiminhcityfilm.com\/\",\"name\":\"Trang ch\\u1ee7 - Th\\u00e0nh ph\\u1ed1 \\u0111i\\u1ec7n \\u1ea3nh\",\"description\":\"\",\"potentialAction\":[{\"@type\":\"SearchAction\",\"target\":{\"@type\":\"EntryPoint\",\"urlTemplate\":\"https:\/\/hochiminhcityfilm.com\/?s={search_term_string}\"},\"query-input\":\"required name=search_term_string\"}],\"inLanguage\":\"en-US\"},{\"@type\":\"WebPage\",\"@id\":\"https:\/\/hochiminhcityfilm.com\/dich-vu-dien-anh\/#webpage\",\"url\":\"https:\/\/hochiminhcityfilm.com\/dich-vu-dien-anh\/\",\"name\":\"D\\u1ecbch v\\u1ee5 \\u0111i\\u1ec7n \\u1ea3nh - Trang ch\\u1ee7 - Th\\u00e0nh ph\\u1ed1 \\u0111i\\u1ec7n \\u1ea3nh\",\"isPartOf\":{\"@id\":\"https:\/\/hochiminhcityfilm.com\/#website\"},\"datePublished\":\"2025-02-13T12:45:28+00:00\",\"dateModified\":\"2025-11-26T09:26:46+00:00\",\"breadcrumb\":{\"@id\":\"https:\/\/hochiminhcityfilm.com\/dich-vu-dien-anh\/#breadcrumb\"},\"inLanguage\":\"en-US\",\"potentialAction\":[{\"@type\":\"ReadAction\",\"target\":[\"https:\/\/hochiminhcityfilm.com\/dich-vu-dien-anh\/\"]}]},{\"@type\":\"BreadcrumbList\",\"@id\":\"https:\/\/hochiminhcityfilm.com\/dich-vu-dien-anh\/#breadcrumb\",\"itemListElement\":[{\"@type\":\"ListItem\",\"position\":1,\"name\":\"Trang ch\\u1ee7\",\"item\":\"https:\/\/hochiminhcityfilm.com\/\"},{\"@type\":\"ListItem\",\"position\":2,\"name\":\"D\\u1ecbch v\\u1ee5 \\u0111i\\u1ec7n \\u1ea3nh\"}]}]}<\/script>\n<!-- \/ Yoast SEO plugin. -->","yoast_head_json":{"title":"D\u1ecbch v\u1ee5 \u0111i\u1ec7n \u1ea3nh - Trang ch\u1ee7 - Th\u00e0nh ph\u1ed1 \u0111i\u1ec7n \u1ea3nh","robots":{"index":"index","follow":"follow","max-snippet":"max-snippet:-1","max-image-preview":"max-image-preview:large","max-video-preview":"max-video-preview:-1"},"canonical":"https:\/\/hochiminhcityfilm.com\/en\/dich-vu-dien-anh\/","og_locale":"en_US","og_type":"article","og_title":"D\u1ecbch v\u1ee5 \u0111i\u1ec7n \u1ea3nh - Trang ch\u1ee7 - Th\u00e0nh ph\u1ed1 \u0111i\u1ec7n \u1ea3nh","og_url":"https:\/\/hochiminhcityfilm.com\/en\/dich-vu-dien-anh\/","og_site_name":"Trang ch\u1ee7 - Th\u00e0nh ph\u1ed1 \u0111i\u1ec7n \u1ea3nh","article_modified_time":"2025-11-26T09:26:46+00:00","twitter_card":"summary_large_image","twitter_misc":{"Est. reading time":"6 minutes"},"schema":{"@context":"https:\/\/schema.org","@graph":[{"@type":"WebSite","@id":"https:\/\/hochiminhcityfilm.com\/#website","url":"https:\/\/hochiminhcityfilm.com\/","name":"Trang ch\u1ee7 - Th\u00e0nh ph\u1ed1 \u0111i\u1ec7n \u1ea3nh","description":"","potentialAction":[{"@type":"SearchAction","target":{"@type":"EntryPoint","urlTemplate":"https:\/\/hochiminhcityfilm.com\/?s={search_term_string}"},"query-input":"required name=search_term_string"}],"inLanguage":"en-US"},{"@type":"WebPage","@id":"https:\/\/hochiminhcityfilm.com\/dich-vu-dien-anh\/#webpage","url":"https:\/\/hochiminhcityfilm.com\/dich-vu-dien-anh\/","name":"D\u1ecbch v\u1ee5 \u0111i\u1ec7n \u1ea3nh - Trang ch\u1ee7 - Th\u00e0nh ph\u1ed1 \u0111i\u1ec7n \u1ea3nh","isPartOf":{"@id":"https:\/\/hochiminhcityfilm.com\/#website"},"datePublished":"2025-02-13T12:45:28+00:00","dateModified":"2025-11-26T09:26:46+00:00","breadcrumb":{"@id":"https:\/\/hochiminhcityfilm.com\/dich-vu-dien-anh\/#breadcrumb"},"inLanguage":"en-US","potentialAction":[{"@type":"ReadAction","target":["https:\/\/hochiminhcityfilm.com\/dich-vu-dien-anh\/"]}]},{"@type":"BreadcrumbList","@id":"https:\/\/hochiminhcityfilm.com\/dich-vu-dien-anh\/#breadcrumb","itemListElement":[{"@type":"ListItem","position":1,"name":"Trang ch\u1ee7","item":"https:\/\/hochiminhcityfilm.com\/"},{"@type":"ListItem","position":2,"name":"D\u1ecbch v\u1ee5 \u0111i\u1ec7n \u1ea3nh"}]}]}},"jetpack_sharing_enabled":true,"_links":{"self":[{"href":"https:\/\/hochiminhcityfilm.com\/en\/wp-json\/wp\/v2\/pages\/9018","targetHints":{"allow":["GET"]}}],"collection":[{"href":"https:\/\/hochiminhcityfilm.com\/en\/wp-json\/wp\/v2\/pages"}],"about":[{"href":"https:\/\/hochiminhcityfilm.com\/en\/wp-json\/wp\/v2\/types\/page"}],"author":[{"embeddable":true,"href":"https:\/\/hochiminhcityfilm.com\/en\/wp-json\/wp\/v2\/users\/14"}],"replies":[{"embeddable":true,"href":"https:\/\/hochiminhcityfilm.com\/en\/wp-json\/wp\/v2\/comments?post=9018"}],"version-history":[{"count":18,"href":"https:\/\/hochiminhcityfilm.com\/en\/wp-json\/wp\/v2\/pages\/9018\/revisions"}],"predecessor-version":[{"id":11402,"href":"https:\/\/hochiminhcityfilm.com\/en\/wp-json\/wp\/v2\/pages\/9018\/revisions\/11402"}],"wp:attachment":[{"href":"https:\/\/hochiminhcityfilm.com\/en\/wp-json\/wp\/v2\/media?parent=9018"}],"curies":[{"name":"wp","href":"https:\/\/api.w.org\/{rel}","templated":true}]}}